{"id":52112,"date":"2025-01-05T18:21:14","date_gmt":"2025-01-05T18:21:14","guid":{"rendered":"https:\/\/murter.riot.hr\/?post_type=product&#038;p=52112"},"modified":"2025-04-12T20:03:52","modified_gmt":"2025-04-12T19:03:52","slug":"casa-vacanze-murter-old-village-a84-id-206","status":"publish","type":"product","link":"https:\/\/murter-online.com\/it\/prodotto\/casa-vacanze-murter-old-village-a84-id-206\/","title":{"rendered":"Casa Vacanze Murter parte vecchia  A8 id 206"},"content":{"rendered":"","protected":false},"excerpt":{"rendered":"<p>Casa vacanze a Murter, capacit\u00e0 10-12 persone. La casa si trova nella parte vecchia di Murter vicino alla spiaggia di \u010cigra\u0111a. La casa dispone di un appartamento con una camera da letto, un appartamento con due camere da letto e due monolocali. C&#8217;\u00e8 un giardino e un barbecue all&#8217;aperto che pu\u00f2 essere utilizzato. La casa \u00e8 composta da piano terra, primo e secondo.<\/p>\n","protected":false},"featured_media":28631,"template":"","meta":{"_acf_changed":false},"product_brand":[],"product_cat":[166],"product_tag":[],"class_list":{"0":"post-52112","1":"product","2":"type-product","3":"status-publish","4":"has-post-thumbnail","6":"product_cat-case-vacanze","8":"first","9":"instock","10":"sold-individually","11":"shipping-taxable","12":"purchasable","13":"product-type-phive_booking"},"acf":[],"_links":{"self":[{"href":"https:\/\/murter-online.com\/it\/wp-json\/wp\/v2\/product\/52112","targetHints":{"allow":["GET"]}}],"collection":[{"href":"https:\/\/murter-online.com\/it\/wp-json\/wp\/v2\/product"}],"about":[{"href":"https:\/\/murter-online.com\/it\/wp-json\/wp\/v2\/types\/product"}],"wp:featuredmedia":[{"embeddable":true,"href":"https:\/\/murter-online.com\/it\/wp-json\/wp\/v2\/media\/28631"}],"wp:attachment":[{"href":"https:\/\/murter-online.com\/it\/wp-json\/wp\/v2\/media?parent=52112"}],"wp:term":[{"taxonomy":"product_brand","embeddable":true,"href":"https:\/\/murter-online.com\/it\/wp-json\/wp\/v2\/product_brand?post=52112"},{"taxonomy":"product_cat","embeddable":true,"href":"https:\/\/murter-online.com\/it\/wp-json\/wp\/v2\/product_cat?post=52112"},{"taxonomy":"product_tag","embeddable":true,"href":"https:\/\/murter-online.com\/it\/wp-json\/wp\/v2\/product_tag?post=52112"}],"curies":[{"name":"wp","href":"https:\/\/api.w.org\/{rel}","templated":true}]}}