{"id":52113,"date":"2025-01-05T17:53:00","date_gmt":"2025-01-05T17:53:00","guid":{"rendered":"https:\/\/murter.riot.hr\/?post_type=product&#038;p=52113"},"modified":"2025-09-30T16:33:49","modified_gmt":"2025-09-30T15:33:49","slug":"casa-vacanze-murter-a61-id-314","status":"publish","type":"product","link":"https:\/\/murter-online.com\/it\/prodotto\/casa-vacanze-murter-a61-id-314\/","title":{"rendered":"Casa vacanze Murter A6+1 ID 314"},"content":{"rendered":"","protected":false},"excerpt":{"rendered":"<p>Una bella casa unifamiliare con soppalco si trova in un&#8217;ottima posizione, vicino alla spiaggia cittadina Luke e alla spiaggia sabbiosa Podvr\u0161ke. Si trova a soli 150 metri dal primo negozio, dal parco per bambini e dal bar. La casa dispone di 3 camere da letto dove possono dormire 6 adulti, nel soggiorno c&#8217;\u00e8 un divano che pu\u00f2 essere utilizzato come letto supplementare. Al piano terra c&#8217;\u00e8 una cucina e una sala da pranzo, un soggiorno con televisione e due camere da letto con bagni. La galleria \u00e8 raggiungibile tramite scale. C&#8217;\u00e8 una terza camera da letto con bagno sul soppalco. C&#8217;\u00e8 una terrazza davanti alla casa. L&#8217;appartamento \u00e8 dotato di forno, frigorifero, bollitore e WiFi gratuito. La cucina \u00e8 completamente attrezzata. C&#8217;\u00e8 un parcheggio gratuito per gli ospiti degli appartamenti nel cortile. Nel cortile c&#8217;\u00e8 un barbecue che pu\u00f2 essere utilizzato gratuitamente.<span class=\"Y2IQFc\" lang=\"it\">Il costo della pulizia \u00e8 di 100 euro.<\/span><\/p>\n","protected":false},"featured_media":28423,"template":"","meta":{"_acf_changed":false},"product_brand":[],"product_cat":[166],"product_tag":[],"class_list":{"0":"post-52113","1":"product","2":"type-product","3":"status-publish","4":"has-post-thumbnail","6":"product_cat-case-vacanze","8":"first","9":"instock","10":"sold-individually","11":"shipping-taxable","12":"purchasable","13":"product-type-phive_booking"},"acf":[],"_links":{"self":[{"href":"https:\/\/murter-online.com\/it\/wp-json\/wp\/v2\/product\/52113","targetHints":{"allow":["GET"]}}],"collection":[{"href":"https:\/\/murter-online.com\/it\/wp-json\/wp\/v2\/product"}],"about":[{"href":"https:\/\/murter-online.com\/it\/wp-json\/wp\/v2\/types\/product"}],"wp:featuredmedia":[{"embeddable":true,"href":"https:\/\/murter-online.com\/it\/wp-json\/wp\/v2\/media\/28423"}],"wp:attachment":[{"href":"https:\/\/murter-online.com\/it\/wp-json\/wp\/v2\/media?parent=52113"}],"wp:term":[{"taxonomy":"product_brand","embeddable":true,"href":"https:\/\/murter-online.com\/it\/wp-json\/wp\/v2\/product_brand?post=52113"},{"taxonomy":"product_cat","embeddable":true,"href":"https:\/\/murter-online.com\/it\/wp-json\/wp\/v2\/product_cat?post=52113"},{"taxonomy":"product_tag","embeddable":true,"href":"https:\/\/murter-online.com\/it\/wp-json\/wp\/v2\/product_tag?post=52113"}],"curies":[{"name":"wp","href":"https:\/\/api.w.org\/{rel}","templated":true}]}}