{"id":52114,"date":"2025-01-05T17:43:53","date_gmt":"2025-01-05T17:43:53","guid":{"rendered":"https:\/\/murter.riot.hr\/?post_type=product&#038;p=52114"},"modified":"2025-03-29T18:53:08","modified_gmt":"2025-03-29T17:53:08","slug":"casa-vacanze-a-murter-a42-id-281","status":"publish","type":"product","link":"https:\/\/murter-online.com\/it\/prodotto\/casa-vacanze-a-murter-a42-id-281\/","title":{"rendered":"Casa vacanze Murter A4+2 ID 281"},"content":{"rendered":"","protected":false},"excerpt":{"rendered":"<p>La casa vacanze per 4+2 persone si trova nella parte vecchia di Murter. La casa \u00e8 composta da piano terra, primo, secondo e terzo piano. Le camere sono situate al primo e al secondo piano della casa. C&#8217;\u00e8 un letto supplementare (divano), al piano terra della casa, che pu\u00f2 essere utilizzato per dormire. La casa dispone di tre terrazze, una terrazza \u00e8 al piano terra, la seconda terrazza \u00e8 al primo piano e la terza con una bellissima vista panoramica sul mare \u00e8 al terzo piano della casa. Il bagno e la toilette si trovano al piano terra della casa. La casa \u00e8 dotata di lavatrice, lavastoviglie, internet WiFi, aria condizionata. La cucina \u00e8 completamente equipaggiata. Il parcheggio per 2 auto \u00e8 gratuito per gli ospiti e si trova a circa 100 metri dalla casa.<\/p>\n","protected":false},"featured_media":28027,"template":"","meta":{"_acf_changed":false},"product_brand":[],"product_cat":[166],"product_tag":[],"class_list":{"0":"post-52114","1":"product","2":"type-product","3":"status-publish","4":"has-post-thumbnail","6":"product_cat-case-vacanze","8":"first","9":"instock","10":"sold-individually","11":"shipping-taxable","12":"purchasable","13":"product-type-phive_booking"},"acf":[],"_links":{"self":[{"href":"https:\/\/murter-online.com\/it\/wp-json\/wp\/v2\/product\/52114","targetHints":{"allow":["GET"]}}],"collection":[{"href":"https:\/\/murter-online.com\/it\/wp-json\/wp\/v2\/product"}],"about":[{"href":"https:\/\/murter-online.com\/it\/wp-json\/wp\/v2\/types\/product"}],"wp:featuredmedia":[{"embeddable":true,"href":"https:\/\/murter-online.com\/it\/wp-json\/wp\/v2\/media\/28027"}],"wp:attachment":[{"href":"https:\/\/murter-online.com\/it\/wp-json\/wp\/v2\/media?parent=52114"}],"wp:term":[{"taxonomy":"product_brand","embeddable":true,"href":"https:\/\/murter-online.com\/it\/wp-json\/wp\/v2\/product_brand?post=52114"},{"taxonomy":"product_cat","embeddable":true,"href":"https:\/\/murter-online.com\/it\/wp-json\/wp\/v2\/product_cat?post=52114"},{"taxonomy":"product_tag","embeddable":true,"href":"https:\/\/murter-online.com\/it\/wp-json\/wp\/v2\/product_tag?post=52114"}],"curies":[{"name":"wp","href":"https:\/\/api.w.org\/{rel}","templated":true}]}}