{"id":52116,"date":"2025-01-05T17:21:10","date_gmt":"2025-01-05T17:21:10","guid":{"rendered":"https:\/\/murter.riot.hr\/?post_type=product&#038;p=52116"},"modified":"2025-03-29T17:51:40","modified_gmt":"2025-03-29T16:51:40","slug":"villa-in-pietra-dalmata-a-betina-isola-di-murter-a12-id-268","status":"publish","type":"product","link":"https:\/\/murter-online.com\/it\/prodotto\/villa-in-pietra-dalmata-a-betina-isola-di-murter-a12-id-268\/","title":{"rendered":"Casa vacanza a Betina &#8211; isola di Murter A12 ID 268"},"content":{"rendered":"","protected":false},"excerpt":{"rendered":"<p>La casa in pietra autoctona ristrutturata con capacit\u00e0 ricettiva fino a 12 persone \u00e8 concepita come una villa con due unit\u00e0 separate con cortile comune, mentre ogni unit\u00e0 ha il proprio ingresso, il che la rende ideale per famiglie numerose o gruppi di pi\u00f9 coppie. Ogni unit\u00e0 ha la propria cucina, bagno e toilette e camere da letto, e in ognuna puoi avere la tua pace o un angolo per te stesso, e allo stesso tempo goderti una vacanza in comune con la famiglia o gli amici. Situata a Betina, a 400 metri dalla spiaggia di Bilava e a 800 metri dalla spiaggia di Zdra\u010de, la villa offre sistemazioni climatizzate con balcone e connessione Wi-Fi gratuita. Questa sistemazione offre un patio con vista sul mare. La villa dispone di 4 camere da letto, 3 bagni, biancheria da letto, asciugamani, TV a schermo piatto, sala da pranzo, cucina completamente attrezzata e terrazza con vista sulla citt\u00e0. La villa dista 2 km dalla spiaggia di Kolentum e 32 km dal Municipio di Sebenico. L&#8217;aeroporto pi\u00f9 vicino \u00e8 l&#8217;aeroporto di Zara, a 73 km da questa villa.<\/p>\n","protected":false},"featured_media":27635,"template":"","meta":{"_acf_changed":false},"product_brand":[],"product_cat":[166],"product_tag":[],"class_list":{"0":"post-52116","1":"product","2":"type-product","3":"status-publish","4":"has-post-thumbnail","6":"product_cat-case-vacanze","8":"first","9":"instock","10":"sold-individually","11":"shipping-taxable","12":"purchasable","13":"product-type-phive_booking"},"acf":[],"_links":{"self":[{"href":"https:\/\/murter-online.com\/it\/wp-json\/wp\/v2\/product\/52116","targetHints":{"allow":["GET"]}}],"collection":[{"href":"https:\/\/murter-online.com\/it\/wp-json\/wp\/v2\/product"}],"about":[{"href":"https:\/\/murter-online.com\/it\/wp-json\/wp\/v2\/types\/product"}],"wp:featuredmedia":[{"embeddable":true,"href":"https:\/\/murter-online.com\/it\/wp-json\/wp\/v2\/media\/27635"}],"wp:attachment":[{"href":"https:\/\/murter-online.com\/it\/wp-json\/wp\/v2\/media?parent=52116"}],"wp:term":[{"taxonomy":"product_brand","embeddable":true,"href":"https:\/\/murter-online.com\/it\/wp-json\/wp\/v2\/product_brand?post=52116"},{"taxonomy":"product_cat","embeddable":true,"href":"https:\/\/murter-online.com\/it\/wp-json\/wp\/v2\/product_cat?post=52116"},{"taxonomy":"product_tag","embeddable":true,"href":"https:\/\/murter-online.com\/it\/wp-json\/wp\/v2\/product_tag?post=52116"}],"curies":[{"name":"wp","href":"https:\/\/api.w.org\/{rel}","templated":true}]}}