{"id":52118,"date":"2025-01-03T15:52:22","date_gmt":"2025-01-03T15:52:22","guid":{"rendered":"https:\/\/murter.riot.hr\/?post_type=product&#038;p=52118"},"modified":"2025-03-29T19:19:15","modified_gmt":"2025-03-29T18:19:15","slug":"casa-al-mare-murter-betina-a51","status":"publish","type":"product","link":"https:\/\/murter-online.com\/it\/prodotto\/casa-al-mare-murter-betina-a51\/","title":{"rendered":"Casa vacanza sul mare Murter &#8211; Betina A5+1"},"content":{"rendered":"","protected":false},"excerpt":{"rendered":"<p>L&#8217;appartamento con una bellissima vista sul mare si trova in una posizione eccellente solo 20 metri dal mare. L&#8217;appartamento ha una superficie di 80 m2. ha tre camere da letto dove possono dormire 5 adulti. Ha un soggiorno. Ha un bagno con doccia. L&#8217;area della terrazza\/balcone \u00e8 30 m2. L&#8217;appartamento si trova al piano terra. L&#8217;appartamento \u00e8 dotato di tv, forno, connessione internet wifi gratuita, lavatrice. Il parcheggio \u00e8 assicurato e incluso nel prezzo. L&#8217;appartamento \u00e8 di circa 1500 m. \u00e8 lontano dal centro della citt\u00e0 ea 20m. dal mare o dalla prima spiaggia a Betina. Gli animali domestici sono ammessi ad un costo aggiuntivo.<\/p>\n","protected":false},"featured_media":23323,"template":"","meta":{"_acf_changed":false},"product_brand":[],"product_cat":[166],"product_tag":[],"class_list":{"0":"post-52118","1":"product","2":"type-product","3":"status-publish","4":"has-post-thumbnail","6":"product_cat-case-vacanze","8":"first","9":"instock","10":"sold-individually","11":"shipping-taxable","12":"purchasable","13":"product-type-phive_booking"},"acf":[],"_links":{"self":[{"href":"https:\/\/murter-online.com\/it\/wp-json\/wp\/v2\/product\/52118","targetHints":{"allow":["GET"]}}],"collection":[{"href":"https:\/\/murter-online.com\/it\/wp-json\/wp\/v2\/product"}],"about":[{"href":"https:\/\/murter-online.com\/it\/wp-json\/wp\/v2\/types\/product"}],"wp:featuredmedia":[{"embeddable":true,"href":"https:\/\/murter-online.com\/it\/wp-json\/wp\/v2\/media\/23323"}],"wp:attachment":[{"href":"https:\/\/murter-online.com\/it\/wp-json\/wp\/v2\/media?parent=52118"}],"wp:term":[{"taxonomy":"product_brand","embeddable":true,"href":"https:\/\/murter-online.com\/it\/wp-json\/wp\/v2\/product_brand?post=52118"},{"taxonomy":"product_cat","embeddable":true,"href":"https:\/\/murter-online.com\/it\/wp-json\/wp\/v2\/product_cat?post=52118"},{"taxonomy":"product_tag","embeddable":true,"href":"https:\/\/murter-online.com\/it\/wp-json\/wp\/v2\/product_tag?post=52118"}],"curies":[{"name":"wp","href":"https:\/\/api.w.org\/{rel}","templated":true}]}}