{"id":52135,"date":"2025-01-05T14:09:51","date_gmt":"2025-01-05T14:09:51","guid":{"rendered":"https:\/\/murter.riot.hr\/?post_type=product&#038;p=52135"},"modified":"2025-04-14T10:02:10","modified_gmt":"2025-04-14T09:02:10","slug":"appartamento-murter-jersani-sea-view-a21-id-204","status":"publish","type":"product","link":"https:\/\/murter-online.com\/it\/prodotto\/appartamento-murter-jersani-sea-view-a21-id-204\/","title":{"rendered":"Appartamento con posto per la barca Jersani Murter A2+1 ID 204"},"content":{"rendered":"","protected":false},"excerpt":{"rendered":"<p>Appartamento a Murter in ottima posizione! A soli 100 metri dal mare. L&#8217;appartamento ha una camera da letto dove possono dormire due adulti, ha un letto extra nel soggiorno che pu\u00f2 essere usato per dormire. La cucina \u00e8 completamente equipaggiata. L&#8217;appartamento dispone di un molo privato e di un posto barca a pagamento. L&#8217;appartamento si trova vicino alla spiaggia sabbiosa Podvr\u0161ke e alla spiaggia locale Luke. Per gli ospiti dell&#8217;appartamento \u00e8 previsto un parcheggio gratuito per un&#8217;auto davanti alla casa. C&#8217;\u00e8 una griglia all&#8217;aperto che pu\u00f2 essere utilizzata. Gli animali non sono ammessi.<\/p>\n","protected":false},"featured_media":26775,"template":"","meta":{"_acf_changed":false},"product_brand":[],"product_cat":[163,160,162],"product_tag":[],"class_list":{"0":"post-52135","1":"product","2":"type-product","3":"status-publish","4":"has-post-thumbnail","6":"product_cat-appartamenti-con-posto-barca","7":"product_cat-appartamenti-con-vista-mare","8":"product_cat-appartamenti-per-famiglie","10":"first","11":"instock","12":"sold-individually","13":"shipping-taxable","14":"purchasable","15":"product-type-phive_booking"},"acf":[],"_links":{"self":[{"href":"https:\/\/murter-online.com\/it\/wp-json\/wp\/v2\/product\/52135","targetHints":{"allow":["GET"]}}],"collection":[{"href":"https:\/\/murter-online.com\/it\/wp-json\/wp\/v2\/product"}],"about":[{"href":"https:\/\/murter-online.com\/it\/wp-json\/wp\/v2\/types\/product"}],"wp:featuredmedia":[{"embeddable":true,"href":"https:\/\/murter-online.com\/it\/wp-json\/wp\/v2\/media\/26775"}],"wp:attachment":[{"href":"https:\/\/murter-online.com\/it\/wp-json\/wp\/v2\/media?parent=52135"}],"wp:term":[{"taxonomy":"product_brand","embeddable":true,"href":"https:\/\/murter-online.com\/it\/wp-json\/wp\/v2\/product_brand?post=52135"},{"taxonomy":"product_cat","embeddable":true,"href":"https:\/\/murter-online.com\/it\/wp-json\/wp\/v2\/product_cat?post=52135"},{"taxonomy":"product_tag","embeddable":true,"href":"https:\/\/murter-online.com\/it\/wp-json\/wp\/v2\/product_tag?post=52135"}],"curies":[{"name":"wp","href":"https:\/\/api.w.org\/{rel}","templated":true}]}}