{"id":52139,"date":"2025-01-05T17:30:11","date_gmt":"2025-01-05T17:30:11","guid":{"rendered":"https:\/\/murter.riot.hr\/?post_type=product&#038;p=52139"},"modified":"2025-01-25T15:48:18","modified_gmt":"2025-01-25T15:48:18","slug":"appartamento-murter-old-town-a21-id-208","status":"publish","type":"product","link":"https:\/\/murter-online.com\/it\/prodotto\/appartamento-murter-old-town-a21-id-208\/","title":{"rendered":"Appartamento Murter Old Town A2+1 ID 208"},"content":{"rendered":"","protected":false},"excerpt":{"rendered":"<p>Appartamento economico a Murter. Appartamento per max.2 + 1 persone si trova nella parte vecchia di Murter. La spiaggia pi\u00f9 vicina \u00e8 \u010cigra\u0111a. L&#8217;appartamento si trova al piano terra, ha una camera da letto dove possono dormire due persone, un soggiorno e la cucina. C&#8217;\u00e8 un divano che pu\u00f2 essere usato per dormire. Il terrazzo \u00e8 in comune, gli ospiti dell&#8217;appartamento lo condividono con altre due camere doppie. Il parcheggio \u00e8 fornito e gratuito.<\/p>\n","protected":false},"featured_media":27887,"template":"","meta":{"_acf_changed":false},"product_brand":[],"product_cat":[132,162],"product_tag":[],"class_list":{"0":"post-52139","1":"product","2":"type-product","3":"status-publish","4":"has-post-thumbnail","6":"product_cat-appartamenti","7":"product_cat-appartamenti-per-famiglie","9":"first","10":"instock","11":"sold-individually","12":"shipping-taxable","13":"purchasable","14":"product-type-phive_booking"},"acf":[],"_links":{"self":[{"href":"https:\/\/murter-online.com\/it\/wp-json\/wp\/v2\/product\/52139","targetHints":{"allow":["GET"]}}],"collection":[{"href":"https:\/\/murter-online.com\/it\/wp-json\/wp\/v2\/product"}],"about":[{"href":"https:\/\/murter-online.com\/it\/wp-json\/wp\/v2\/types\/product"}],"wp:featuredmedia":[{"embeddable":true,"href":"https:\/\/murter-online.com\/it\/wp-json\/wp\/v2\/media\/27887"}],"wp:attachment":[{"href":"https:\/\/murter-online.com\/it\/wp-json\/wp\/v2\/media?parent=52139"}],"wp:term":[{"taxonomy":"product_brand","embeddable":true,"href":"https:\/\/murter-online.com\/it\/wp-json\/wp\/v2\/product_brand?post=52139"},{"taxonomy":"product_cat","embeddable":true,"href":"https:\/\/murter-online.com\/it\/wp-json\/wp\/v2\/product_cat?post=52139"},{"taxonomy":"product_tag","embeddable":true,"href":"https:\/\/murter-online.com\/it\/wp-json\/wp\/v2\/product_tag?post=52139"}],"curies":[{"name":"wp","href":"https:\/\/api.w.org\/{rel}","templated":true}]}}