{"id":52148,"date":"2025-01-05T17:50:50","date_gmt":"2025-01-05T17:50:50","guid":{"rendered":"https:\/\/murter.riot.hr\/?post_type=product&#038;p=52148"},"modified":"2025-04-14T13:44:04","modified_gmt":"2025-04-14T12:44:04","slug":"appartamento-murter-podvrske-a21-id-299","status":"publish","type":"product","link":"https:\/\/murter-online.com\/it\/prodotto\/appartamento-murter-podvrske-a21-id-299\/","title":{"rendered":"Appartamento vicino alla spiaggia Podvr\u0161ke Murter A2+1 ID 299"},"content":{"rendered":"","protected":false},"excerpt":{"rendered":"<p>L&#8217;appartamento con una camera da letto per un totale di 2+2 persone si trova in un&#8217;ottima posizione. L&#8217;appartamento si trova vicino alla spiaggia cittadina di Luke (150 metri, adatta a bambini e anziani) e vicino alla spiaggia sabbiosa di Podvr\u0161ke (max. 5-7 passi a piedi). L&#8217;appartamento ha una cucina completamente attrezzata. C&#8217;\u00e8 un congelatore, forno, bollitore, macchina per il caff\u00e8. L&#8217;appartamento dispone di 4 letti base, nella camera \u00e8 presente 1 letto supplementare che pu\u00f2 essere utilizzato per dormire. L&#8217;appartamento \u00e8 dotato di WiFi gratuito e aria condizionata. Il parcheggio per l&#8217;auto si trova davanti alla casa nel cortile. L&#8217;appartamento ha una terrazza con vista sul mare.<\/p>\n","protected":false},"featured_media":28371,"template":"","meta":{"_acf_changed":false},"product_brand":[],"product_cat":[160,132,162],"product_tag":[],"class_list":{"0":"post-52148","1":"product","2":"type-product","3":"status-publish","4":"has-post-thumbnail","6":"product_cat-appartamenti-con-vista-mare","7":"product_cat-appartamenti","8":"product_cat-appartamenti-per-famiglie","10":"first","11":"instock","12":"sold-individually","13":"shipping-taxable","14":"purchasable","15":"product-type-phive_booking"},"acf":[],"_links":{"self":[{"href":"https:\/\/murter-online.com\/it\/wp-json\/wp\/v2\/product\/52148","targetHints":{"allow":["GET"]}}],"collection":[{"href":"https:\/\/murter-online.com\/it\/wp-json\/wp\/v2\/product"}],"about":[{"href":"https:\/\/murter-online.com\/it\/wp-json\/wp\/v2\/types\/product"}],"wp:featuredmedia":[{"embeddable":true,"href":"https:\/\/murter-online.com\/it\/wp-json\/wp\/v2\/media\/28371"}],"wp:attachment":[{"href":"https:\/\/murter-online.com\/it\/wp-json\/wp\/v2\/media?parent=52148"}],"wp:term":[{"taxonomy":"product_brand","embeddable":true,"href":"https:\/\/murter-online.com\/it\/wp-json\/wp\/v2\/product_brand?post=52148"},{"taxonomy":"product_cat","embeddable":true,"href":"https:\/\/murter-online.com\/it\/wp-json\/wp\/v2\/product_cat?post=52148"},{"taxonomy":"product_tag","embeddable":true,"href":"https:\/\/murter-online.com\/it\/wp-json\/wp\/v2\/product_tag?post=52148"}],"curies":[{"name":"wp","href":"https:\/\/api.w.org\/{rel}","templated":true}]}}