{"id":52156,"date":"2025-01-05T18:39:39","date_gmt":"2025-01-05T18:39:39","guid":{"rendered":"https:\/\/murter.riot.hr\/?post_type=product&#038;p=52156"},"modified":"2025-04-26T13:34:06","modified_gmt":"2025-04-26T12:34:06","slug":"appartamento-murter-luogo-soleggiato-a21-id-54","status":"publish","type":"product","link":"https:\/\/murter-online.com\/it\/prodotto\/appartamento-murter-luogo-soleggiato-a21-id-54\/","title":{"rendered":"Appartamento familiare Luogo soleggiato Murter A2+1 ID 54"},"content":{"rendered":"","protected":false},"excerpt":{"rendered":"<p>Appartamento Jasenka Sunny place A2 + 1 ID 54 si trova vicino alla spiaggia della citt\u00e0 Luka. L&#8217;appartamento si trova in una zona tranquilla, e il centro \u00e8 a pochi minuti a piedi. L&#8217;appartamento \u00e8 composto da una camera da letto, bagno, soggiorno con cucina e una spaziosa terrazza. L&#8217;appartamento \u00e8 dotato di WiFi gratuito, aria condizionata, lavastoviglie e TV satellitare. Lenzuola, asciugamani e pulizia finale sono inclusi nel prezzo.<\/p>\n","protected":false},"featured_media":28943,"template":"","meta":{"_acf_changed":false},"product_brand":[],"product_cat":[132,162],"product_tag":[],"class_list":{"0":"post-52156","1":"product","2":"type-product","3":"status-publish","4":"has-post-thumbnail","6":"product_cat-appartamenti","7":"product_cat-appartamenti-per-famiglie","9":"first","10":"instock","11":"sold-individually","12":"shipping-taxable","13":"purchasable","14":"product-type-phive_booking"},"acf":[],"_links":{"self":[{"href":"https:\/\/murter-online.com\/it\/wp-json\/wp\/v2\/product\/52156","targetHints":{"allow":["GET"]}}],"collection":[{"href":"https:\/\/murter-online.com\/it\/wp-json\/wp\/v2\/product"}],"about":[{"href":"https:\/\/murter-online.com\/it\/wp-json\/wp\/v2\/types\/product"}],"wp:featuredmedia":[{"embeddable":true,"href":"https:\/\/murter-online.com\/it\/wp-json\/wp\/v2\/media\/28943"}],"wp:attachment":[{"href":"https:\/\/murter-online.com\/it\/wp-json\/wp\/v2\/media?parent=52156"}],"wp:term":[{"taxonomy":"product_brand","embeddable":true,"href":"https:\/\/murter-online.com\/it\/wp-json\/wp\/v2\/product_brand?post=52156"},{"taxonomy":"product_cat","embeddable":true,"href":"https:\/\/murter-online.com\/it\/wp-json\/wp\/v2\/product_cat?post=52156"},{"taxonomy":"product_tag","embeddable":true,"href":"https:\/\/murter-online.com\/it\/wp-json\/wp\/v2\/product_tag?post=52156"}],"curies":[{"name":"wp","href":"https:\/\/api.w.org\/{rel}","templated":true}]}}