{"id":52160,"date":"2025-01-05T18:46:49","date_gmt":"2025-01-05T18:46:49","guid":{"rendered":"https:\/\/murter.riot.hr\/?post_type=product&#038;p=52160"},"modified":"2025-04-16T20:01:33","modified_gmt":"2025-04-16T19:01:33","slug":"appartamento-murter-luogo-soleggiato-a21-id-55","status":"publish","type":"product","link":"https:\/\/murter-online.com\/it\/prodotto\/appartamento-murter-luogo-soleggiato-a21-id-55\/","title":{"rendered":"Appartamento con vista mare Luogo soleggiato Murter A2+1 ID 55"},"content":{"rendered":"","protected":false},"excerpt":{"rendered":"<p>Appartamento Jasenka Seaside A2+1 ID55 si trova vicino alla spiaggia cittadina Luka. L&#8217;appartamento si trova in una zo+na tranquilla, e al centro \u00e8 a pochi minuti a piedi. ID L&#8217;appartamento \u00e8 composto da una camera da letto, bagno, soggiorno con cucina e una spaziosa terrazza. L&#8217;appartamento \u00e8 dotato di connessione Wi-Fi gratuita, aria condizionata, lavastoviglie e TV satellitare. Lenzuola, asciugamani e pulizia finale sono inclusi nel prezzo.<\/p>\n","protected":false},"featured_media":29007,"template":"","meta":{"_acf_changed":false},"product_brand":[],"product_cat":[160,132,162],"product_tag":[],"class_list":{"0":"post-52160","1":"product","2":"type-product","3":"status-publish","4":"has-post-thumbnail","6":"product_cat-appartamenti-con-vista-mare","7":"product_cat-appartamenti","8":"product_cat-appartamenti-per-famiglie","10":"first","11":"instock","12":"sold-individually","13":"shipping-taxable","14":"purchasable","15":"product-type-phive_booking"},"acf":[],"_links":{"self":[{"href":"https:\/\/murter-online.com\/it\/wp-json\/wp\/v2\/product\/52160","targetHints":{"allow":["GET"]}}],"collection":[{"href":"https:\/\/murter-online.com\/it\/wp-json\/wp\/v2\/product"}],"about":[{"href":"https:\/\/murter-online.com\/it\/wp-json\/wp\/v2\/types\/product"}],"wp:featuredmedia":[{"embeddable":true,"href":"https:\/\/murter-online.com\/it\/wp-json\/wp\/v2\/media\/29007"}],"wp:attachment":[{"href":"https:\/\/murter-online.com\/it\/wp-json\/wp\/v2\/media?parent=52160"}],"wp:term":[{"taxonomy":"product_brand","embeddable":true,"href":"https:\/\/murter-online.com\/it\/wp-json\/wp\/v2\/product_brand?post=52160"},{"taxonomy":"product_cat","embeddable":true,"href":"https:\/\/murter-online.com\/it\/wp-json\/wp\/v2\/product_cat?post=52160"},{"taxonomy":"product_tag","embeddable":true,"href":"https:\/\/murter-online.com\/it\/wp-json\/wp\/v2\/product_tag?post=52160"}],"curies":[{"name":"wp","href":"https:\/\/api.w.org\/{rel}","templated":true}]}}