{"id":52179,"date":"2025-01-05T21:21:18","date_gmt":"2025-01-05T21:21:18","guid":{"rendered":"https:\/\/murter.riot.hr\/?post_type=product&#038;p=52179"},"modified":"2025-01-25T19:42:38","modified_gmt":"2025-01-25T19:42:38","slug":"appartamento-vicino-alla-spiaggia-podvrske-a22-id-277","status":"publish","type":"product","link":"https:\/\/murter-online.com\/it\/prodotto\/appartamento-vicino-alla-spiaggia-podvrske-a22-id-277\/","title":{"rendered":"Appartamento vicino alla spiaggia Podvr\u0161ke A2+2 ID 277"},"content":{"rendered":"","protected":false},"excerpt":{"rendered":"<p>L&#8217;appartamento \u00e8 situato in un&#8217;ottima posizione a Murter! Ci sono due spiagge famose vicino a questo appartamento, la prima \u00e8 la spiaggia locale di Luke e l&#8217;altra \u00e8 la spiaggia di sabbia e ciottoli Podvr\u0161ke. L&#8217;appartamento \u00e8 di 30 metri quadrati + 9 metri quadrati di terrazza. Gli ospiti che soggiornano nell&#8217;appartamento possono usufruire di una terrazza comune di 72 mq con sdraio e grill a gas. L&#8217;appartamento ha una camera da letto dove possono dormire 2 adulti, c&#8217;\u00e8 un letto supplementare (divano), nel soggiorno, dove pu\u00f2 dormire un adulto o due bambini pi\u00f9 piccoli. L&#8217;appartamento dispone di TV satellitare, WiFi &#8211; internet, aria condizionata, bollitore, piccolo frigorifero con piccolo congelatore, piano cottura. La terrazza comune offre una splendida vista sul mare e sull&#8217;arcipelago di Murter. Il parcheggio \u00e8 previsto di fronte alla casa e incluso nel prezzo dell&#8217;appartamento.<\/p>\n","protected":false},"featured_media":29587,"template":"","meta":{"_acf_changed":false},"product_brand":[],"product_cat":[132,162],"product_tag":[],"class_list":{"0":"post-52179","1":"product","2":"type-product","3":"status-publish","4":"has-post-thumbnail","6":"product_cat-appartamenti","7":"product_cat-appartamenti-per-famiglie","9":"first","10":"instock","11":"sold-individually","12":"shipping-taxable","13":"purchasable","14":"product-type-phive_booking"},"acf":[],"_links":{"self":[{"href":"https:\/\/murter-online.com\/it\/wp-json\/wp\/v2\/product\/52179","targetHints":{"allow":["GET"]}}],"collection":[{"href":"https:\/\/murter-online.com\/it\/wp-json\/wp\/v2\/product"}],"about":[{"href":"https:\/\/murter-online.com\/it\/wp-json\/wp\/v2\/types\/product"}],"wp:featuredmedia":[{"embeddable":true,"href":"https:\/\/murter-online.com\/it\/wp-json\/wp\/v2\/media\/29587"}],"wp:attachment":[{"href":"https:\/\/murter-online.com\/it\/wp-json\/wp\/v2\/media?parent=52179"}],"wp:term":[{"taxonomy":"product_brand","embeddable":true,"href":"https:\/\/murter-online.com\/it\/wp-json\/wp\/v2\/product_brand?post=52179"},{"taxonomy":"product_cat","embeddable":true,"href":"https:\/\/murter-online.com\/it\/wp-json\/wp\/v2\/product_cat?post=52179"},{"taxonomy":"product_tag","embeddable":true,"href":"https:\/\/murter-online.com\/it\/wp-json\/wp\/v2\/product_tag?post=52179"}],"curies":[{"name":"wp","href":"https:\/\/api.w.org\/{rel}","templated":true}]}}