{"id":52205,"date":"2025-01-06T08:19:35","date_gmt":"2025-01-06T08:19:35","guid":{"rendered":"https:\/\/murter.riot.hr\/?post_type=product&#038;p=52205"},"modified":"2025-01-26T07:33:54","modified_gmt":"2025-01-26T07:33:54","slug":"appartamento-peace-vicino-alla-spiaggia-slanica-a22-id-311","status":"publish","type":"product","link":"https:\/\/murter-online.com\/it\/prodotto\/appartamento-peace-vicino-alla-spiaggia-slanica-a22-id-311\/","title":{"rendered":"Appartamento Peace vicino alla spiaggia Slanica A2+2 ID 311"},"content":{"rendered":"","protected":false},"excerpt":{"rendered":"<p>L&#8217;appartamento si trova in una posizione tranquilla e silenziosa non lontano dalla spiaggia sabbiosa di Slanica. L&#8217;appartamento ha una camera da letto dove possono dormire 2 adulti. C&#8217;\u00e8 un letto supplementare nel soggiorno dove possono dormire altre due persone. L&#8217;appartamento ha un bagno con doccia. L&#8217;appartamento ha una terrazza che \u00e8 in ombra nel pomeriggio. Si trova a 10 minuti a piedi dal centro di Murter e a 500 metri dalla prima spiaggia. Per gli ospiti degli appartamenti c&#8217;\u00e8 un parcheggio gratuito davanti alla casa e un barbecue che pu\u00f2 essere utilizzato gratuitamente. L&#8217;appartamento \u00e8 dotato di aria condizionata, WiFi gratuito, cucina con frigorifero, piano cottura e forno a microonde.<\/p>\n","protected":false},"featured_media":30071,"template":"","meta":{"_acf_changed":false},"product_brand":[],"product_cat":[132,162],"product_tag":[],"class_list":{"0":"post-52205","1":"product","2":"type-product","3":"status-publish","4":"has-post-thumbnail","6":"product_cat-appartamenti","7":"product_cat-appartamenti-per-famiglie","9":"first","10":"instock","11":"sold-individually","12":"shipping-taxable","13":"purchasable","14":"product-type-phive_booking"},"acf":[],"_links":{"self":[{"href":"https:\/\/murter-online.com\/it\/wp-json\/wp\/v2\/product\/52205","targetHints":{"allow":["GET"]}}],"collection":[{"href":"https:\/\/murter-online.com\/it\/wp-json\/wp\/v2\/product"}],"about":[{"href":"https:\/\/murter-online.com\/it\/wp-json\/wp\/v2\/types\/product"}],"wp:featuredmedia":[{"embeddable":true,"href":"https:\/\/murter-online.com\/it\/wp-json\/wp\/v2\/media\/30071"}],"wp:attachment":[{"href":"https:\/\/murter-online.com\/it\/wp-json\/wp\/v2\/media?parent=52205"}],"wp:term":[{"taxonomy":"product_brand","embeddable":true,"href":"https:\/\/murter-online.com\/it\/wp-json\/wp\/v2\/product_brand?post=52205"},{"taxonomy":"product_cat","embeddable":true,"href":"https:\/\/murter-online.com\/it\/wp-json\/wp\/v2\/product_cat?post=52205"},{"taxonomy":"product_tag","embeddable":true,"href":"https:\/\/murter-online.com\/it\/wp-json\/wp\/v2\/product_tag?post=52205"}],"curies":[{"name":"wp","href":"https:\/\/api.w.org\/{rel}","templated":true}]}}