{"id":52209,"date":"2025-01-06T08:38:11","date_gmt":"2025-01-06T08:38:11","guid":{"rendered":"https:\/\/murter.riot.hr\/?post_type=product&#038;p=52209"},"modified":"2025-04-17T09:51:55","modified_gmt":"2025-04-17T08:51:55","slug":"appartamento-peace-vicino-alla-spiaggia-slanica-a22-id-312","status":"publish","type":"product","link":"https:\/\/murter-online.com\/it\/prodotto\/appartamento-peace-vicino-alla-spiaggia-slanica-a22-id-312\/","title":{"rendered":"Appartamento con vista mare vicino alla spiaggia Slanica Peace Murter A2+2 ID 312"},"content":{"rendered":"","protected":false},"excerpt":{"rendered":"<p>L&#8217;appartamento si trova in una posizione tranquilla e silenziosa non lontano dalla spiaggia sabbiosa di Slanica. L&#8217;appartamento ha una camera da letto dove possono dormire 2 adulti. C&#8217;\u00e8 un letto supplementare nel soggiorno dove possono dormire altre due persone. L&#8217;appartamento \u00e8 dotato di bagno con doccia. L&#8217;appartamento ha una terrazza con vista sul mare. Si trova a 10 minuti a piedi dal centro di Murter e a 500 metri dalla prima spiaggia. Per gli ospiti degli appartamenti c&#8217;\u00e8 un parcheggio gratuito davanti alla casa e un barbecue che pu\u00f2 essere utilizzato gratuitamente. L&#8217;appartamento \u00e8 dotato di aria condizionata, WiFi gratuito, cucina con frigorifero, piano cottura e forno a microonde.<\/p>\n","protected":false},"featured_media":30123,"template":"","meta":{"_acf_changed":false},"product_brand":[],"product_cat":[160,132,162],"product_tag":[],"class_list":{"0":"post-52209","1":"product","2":"type-product","3":"status-publish","4":"has-post-thumbnail","6":"product_cat-appartamenti-con-vista-mare","7":"product_cat-appartamenti","8":"product_cat-appartamenti-per-famiglie","10":"first","11":"instock","12":"sold-individually","13":"shipping-taxable","14":"purchasable","15":"product-type-phive_booking"},"acf":[],"_links":{"self":[{"href":"https:\/\/murter-online.com\/it\/wp-json\/wp\/v2\/product\/52209","targetHints":{"allow":["GET"]}}],"collection":[{"href":"https:\/\/murter-online.com\/it\/wp-json\/wp\/v2\/product"}],"about":[{"href":"https:\/\/murter-online.com\/it\/wp-json\/wp\/v2\/types\/product"}],"wp:featuredmedia":[{"embeddable":true,"href":"https:\/\/murter-online.com\/it\/wp-json\/wp\/v2\/media\/30123"}],"wp:attachment":[{"href":"https:\/\/murter-online.com\/it\/wp-json\/wp\/v2\/media?parent=52209"}],"wp:term":[{"taxonomy":"product_brand","embeddable":true,"href":"https:\/\/murter-online.com\/it\/wp-json\/wp\/v2\/product_brand?post=52209"},{"taxonomy":"product_cat","embeddable":true,"href":"https:\/\/murter-online.com\/it\/wp-json\/wp\/v2\/product_cat?post=52209"},{"taxonomy":"product_tag","embeddable":true,"href":"https:\/\/murter-online.com\/it\/wp-json\/wp\/v2\/product_tag?post=52209"}],"curies":[{"name":"wp","href":"https:\/\/api.w.org\/{rel}","templated":true}]}}