{"id":52216,"date":"2025-01-05T13:58:35","date_gmt":"2025-01-05T12:58:35","guid":{"rendered":"https:\/\/murter.riot.hr\/?post_type=product&#038;p=52216"},"modified":"2025-01-26T07:47:19","modified_gmt":"2025-01-26T07:47:19","slug":"appartamento-monolocale-con-posto-barca-a2-id-215","status":"publish","type":"product","link":"https:\/\/murter-online.com\/it\/prodotto\/appartamento-monolocale-con-posto-barca-a2-id-215\/","title":{"rendered":"Appartamento monolocale con posto barca A2 ID 215"},"content":{"rendered":"","protected":false},"excerpt":{"rendered":"<p>Appartamento con posto barca gratuito a Murter. Appartamento recentemente ristrutturato per due persone vicino alla spiaggia Podvr\u0161ke. La prima spiaggia \u00e8 a 150 metri dall&#8217;appartamento. Il parcheggio per gli ospiti \u00e8 disponibile davanti alla casa ed \u00e8 incluso nel prezzo dell&#8217;appartamento. C&#8217;\u00e8 una griglia all&#8217;aperto che pu\u00f2 essere utilizzata.<\/p>\n","protected":false},"featured_media":26771,"template":"","meta":{"_acf_changed":false},"product_brand":[],"product_cat":[164],"product_tag":[],"class_list":{"0":"post-52216","1":"product","2":"type-product","3":"status-publish","4":"has-post-thumbnail","6":"product_cat-monolocale","8":"first","9":"instock","10":"sold-individually","11":"shipping-taxable","12":"purchasable","13":"product-type-phive_booking"},"acf":[],"_links":{"self":[{"href":"https:\/\/murter-online.com\/it\/wp-json\/wp\/v2\/product\/52216","targetHints":{"allow":["GET"]}}],"collection":[{"href":"https:\/\/murter-online.com\/it\/wp-json\/wp\/v2\/product"}],"about":[{"href":"https:\/\/murter-online.com\/it\/wp-json\/wp\/v2\/types\/product"}],"wp:featuredmedia":[{"embeddable":true,"href":"https:\/\/murter-online.com\/it\/wp-json\/wp\/v2\/media\/26771"}],"wp:attachment":[{"href":"https:\/\/murter-online.com\/it\/wp-json\/wp\/v2\/media?parent=52216"}],"wp:term":[{"taxonomy":"product_brand","embeddable":true,"href":"https:\/\/murter-online.com\/it\/wp-json\/wp\/v2\/product_brand?post=52216"},{"taxonomy":"product_cat","embeddable":true,"href":"https:\/\/murter-online.com\/it\/wp-json\/wp\/v2\/product_cat?post=52216"},{"taxonomy":"product_tag","embeddable":true,"href":"https:\/\/murter-online.com\/it\/wp-json\/wp\/v2\/product_tag?post=52216"}],"curies":[{"name":"wp","href":"https:\/\/api.w.org\/{rel}","templated":true}]}}