{"id":52220,"date":"2025-01-06T08:48:10","date_gmt":"2025-01-06T08:48:10","guid":{"rendered":"https:\/\/murter.riot.hr\/?post_type=product&#038;p=52220"},"modified":"2025-04-21T10:02:57","modified_gmt":"2025-04-21T09:02:57","slug":"appartamento-podraduc-murter-a2-id-290","status":"publish","type":"product","link":"https:\/\/murter-online.com\/it\/prodotto\/appartamento-podraduc-murter-a2-id-290\/","title":{"rendered":"Appartamento per due persone &#8211; monolocale Podradu\u010d Murter A2 ID 290"},"content":{"rendered":"","protected":false},"excerpt":{"rendered":"<p>L&#8217;appartamento si trova in via Podradu\u010d. Davanti alla casa si trova una spiaggia rocciosa, all&#8217;interno della quale si trova un&#8217;area con sedie a sdraio che pu\u00f2 essere utilizzata gratuitamente. Dall&#8217;appartamento non si vede il mare, ma l&#8217;appartamento ha una piccola terrazza con vista sul mare. L&#8217;appartamento ha una camera da letto dove possono dormire 2 adulti. Ha una toilette, un bagno e una cucina. La cucina \u00e8 completamente equipaggiata. C&#8217;\u00e8 un frigorifero, un fornello elettrico, un bollitore e una macchina per il caff\u00e8. L&#8217;appartamento \u00e8 dotato di aria condizionata e internet WiFi. C&#8217;\u00e8 un barbecue all&#8217;aperto che pu\u00f2 essere utilizzato gratuitamente. Il parcheggio \u00e8 davanti alla casa ed \u00e8 incluso nel prezzo dell&#8217;appartamento.<\/p>\n","protected":false},"featured_media":30191,"template":"","meta":{"_acf_changed":false},"product_brand":[],"product_cat":[132,164],"product_tag":[],"class_list":{"0":"post-52220","1":"product","2":"type-product","3":"status-publish","4":"has-post-thumbnail","6":"product_cat-appartamenti","7":"product_cat-monolocale","9":"first","10":"instock","11":"sold-individually","12":"shipping-taxable","13":"purchasable","14":"product-type-phive_booking"},"acf":[],"_links":{"self":[{"href":"https:\/\/murter-online.com\/it\/wp-json\/wp\/v2\/product\/52220","targetHints":{"allow":["GET"]}}],"collection":[{"href":"https:\/\/murter-online.com\/it\/wp-json\/wp\/v2\/product"}],"about":[{"href":"https:\/\/murter-online.com\/it\/wp-json\/wp\/v2\/types\/product"}],"wp:featuredmedia":[{"embeddable":true,"href":"https:\/\/murter-online.com\/it\/wp-json\/wp\/v2\/media\/30191"}],"wp:attachment":[{"href":"https:\/\/murter-online.com\/it\/wp-json\/wp\/v2\/media?parent=52220"}],"wp:term":[{"taxonomy":"product_brand","embeddable":true,"href":"https:\/\/murter-online.com\/it\/wp-json\/wp\/v2\/product_brand?post=52220"},{"taxonomy":"product_cat","embeddable":true,"href":"https:\/\/murter-online.com\/it\/wp-json\/wp\/v2\/product_cat?post=52220"},{"taxonomy":"product_tag","embeddable":true,"href":"https:\/\/murter-online.com\/it\/wp-json\/wp\/v2\/product_tag?post=52220"}],"curies":[{"name":"wp","href":"https:\/\/api.w.org\/{rel}","templated":true}]}}