{"id":52223,"date":"2025-01-05T13:52:51","date_gmt":"2025-01-05T12:52:51","guid":{"rendered":"https:\/\/murter.riot.hr\/?post_type=product&#038;p=52223"},"modified":"2025-01-26T07:52:39","modified_gmt":"2025-01-26T07:52:39","slug":"appartamento-monolocale-parte-vecchia-di-murter-a2","status":"publish","type":"product","link":"https:\/\/murter-online.com\/it\/prodotto\/appartamento-monolocale-parte-vecchia-di-murter-a2\/","title":{"rendered":"Appartamento monolocale Parte vecchia di Murter A2"},"content":{"rendered":"","protected":false},"excerpt":{"rendered":"<p>Appartamento monolocale per max. 2 persone si trova nella parte vecchia di Murter. L&#8217;appartamento ha un letto matrimoniale dove possono dormire due adulti. L&#8217;appartamento si trova al primo piano della casa. L&#8217;appartamento ha un angolo cottura e una toilette con bagno. La cucina \u00e8 dotata di un piccolo frigorifero e di stoviglie per preparare il cibo per 2 persone. L&#8217;appartamento dispone di internet WiFi e aria condizionata. Il parcheggio auto si trova a 150 metri dall&#8217;appartamento ed \u00e8 compreso nel prezzo. La spiaggia pi\u00f9 vicina \u00e8 quella di \u010cigra\u0111a, a max. 5-10 minuti a piedi dall&#8217;appartamento.<\/p>\n","protected":false},"featured_media":26751,"template":"","meta":{"_acf_changed":false},"product_brand":[],"product_cat":[164],"product_tag":[],"class_list":{"0":"post-52223","1":"product","2":"type-product","3":"status-publish","4":"has-post-thumbnail","6":"product_cat-monolocale","8":"first","9":"instock","10":"sold-individually","11":"shipping-taxable","12":"purchasable","13":"product-type-phive_booking"},"acf":[],"_links":{"self":[{"href":"https:\/\/murter-online.com\/it\/wp-json\/wp\/v2\/product\/52223","targetHints":{"allow":["GET"]}}],"collection":[{"href":"https:\/\/murter-online.com\/it\/wp-json\/wp\/v2\/product"}],"about":[{"href":"https:\/\/murter-online.com\/it\/wp-json\/wp\/v2\/types\/product"}],"wp:featuredmedia":[{"embeddable":true,"href":"https:\/\/murter-online.com\/it\/wp-json\/wp\/v2\/media\/26751"}],"wp:attachment":[{"href":"https:\/\/murter-online.com\/it\/wp-json\/wp\/v2\/media?parent=52223"}],"wp:term":[{"taxonomy":"product_brand","embeddable":true,"href":"https:\/\/murter-online.com\/it\/wp-json\/wp\/v2\/product_brand?post=52223"},{"taxonomy":"product_cat","embeddable":true,"href":"https:\/\/murter-online.com\/it\/wp-json\/wp\/v2\/product_cat?post=52223"},{"taxonomy":"product_tag","embeddable":true,"href":"https:\/\/murter-online.com\/it\/wp-json\/wp\/v2\/product_tag?post=52223"}],"curies":[{"name":"wp","href":"https:\/\/api.w.org\/{rel}","templated":true}]}}