{"id":52244,"date":"2025-01-06T09:37:21","date_gmt":"2025-01-06T09:37:21","guid":{"rendered":"https:\/\/murter.riot.hr\/?post_type=product&#038;p=52244"},"modified":"2025-04-17T09:57:40","modified_gmt":"2025-04-17T08:57:40","slug":"appartamento-podraduc-seaside-pearl-a21-id-80","status":"publish","type":"product","link":"https:\/\/murter-online.com\/it\/prodotto\/appartamento-podraduc-seaside-pearl-a21-id-80\/","title":{"rendered":"Appartamento con vista mare Podradu\u010d Seaside Pearl Murter A2+1 ID 80"},"content":{"rendered":"","protected":false},"excerpt":{"rendered":"<p>L&#8217;appartamento Seaside Pearl A2 + 1 ID 80 si trova vicino alle spiagge Slanica e \u010cigra\u0111a. Offre sistemazioni con connessione Wi-Fi e parcheggio privato gratuiti. L&#8217;appartamento \u00e8 dotato di aria condizionata, TV a schermo piatto con canali satellitari e bagno privato con asciugacapelli. C&#8217;\u00e8 anche una cucina completamente attrezzata con forno a microonde, frigorifero, piano cottura, bollitore elettrico, macchina da caff\u00e8 e zona pranzo.<\/p>\n","protected":false},"featured_media":30487,"template":"","meta":{"_acf_changed":false},"product_brand":[],"product_cat":[160,132,162],"product_tag":[],"class_list":{"0":"post-52244","1":"product","2":"type-product","3":"status-publish","4":"has-post-thumbnail","6":"product_cat-appartamenti-con-vista-mare","7":"product_cat-appartamenti","8":"product_cat-appartamenti-per-famiglie","10":"first","11":"instock","12":"sold-individually","13":"shipping-taxable","14":"purchasable","15":"product-type-phive_booking"},"acf":[],"_links":{"self":[{"href":"https:\/\/murter-online.com\/it\/wp-json\/wp\/v2\/product\/52244","targetHints":{"allow":["GET"]}}],"collection":[{"href":"https:\/\/murter-online.com\/it\/wp-json\/wp\/v2\/product"}],"about":[{"href":"https:\/\/murter-online.com\/it\/wp-json\/wp\/v2\/types\/product"}],"wp:featuredmedia":[{"embeddable":true,"href":"https:\/\/murter-online.com\/it\/wp-json\/wp\/v2\/media\/30487"}],"wp:attachment":[{"href":"https:\/\/murter-online.com\/it\/wp-json\/wp\/v2\/media?parent=52244"}],"wp:term":[{"taxonomy":"product_brand","embeddable":true,"href":"https:\/\/murter-online.com\/it\/wp-json\/wp\/v2\/product_brand?post=52244"},{"taxonomy":"product_cat","embeddable":true,"href":"https:\/\/murter-online.com\/it\/wp-json\/wp\/v2\/product_cat?post=52244"},{"taxonomy":"product_tag","embeddable":true,"href":"https:\/\/murter-online.com\/it\/wp-json\/wp\/v2\/product_tag?post=52244"}],"curies":[{"name":"wp","href":"https:\/\/api.w.org\/{rel}","templated":true}]}}