{"id":52251,"date":"2025-01-05T13:37:22","date_gmt":"2025-01-05T13:37:22","guid":{"rendered":"https:\/\/murter.riot.hr\/?post_type=product&#038;p=52251"},"modified":"2025-04-23T10:27:57","modified_gmt":"2025-04-23T09:27:57","slug":"appartamento-vacanze-estive-a-murter-a2-id-223","status":"publish","type":"product","link":"https:\/\/murter-online.com\/it\/prodotto\/appartamento-vacanze-estive-a-murter-a2-id-223\/","title":{"rendered":"Appartamento per due persone Vacanze estive a Murter A2 ID 223"},"content":{"rendered":"","protected":false},"excerpt":{"rendered":"<p>Appartamento con vista panoramica sul mare a Murter. L&#8217;appartamento ha una camera da letto dove possono dormire due persone. La cucina \u00e8 completamente equipaggiata. Per gli ospiti degli appartamenti \u00e8 previsto un parcheggio gratuito nel cortile. C&#8217;\u00e8 una griglia all&#8217;aperto che pu\u00f2 essere utilizzata. L&#8217;appartamento \u00e8 in un&#8217;ottima posizione. La spiaggia cittadina Luca, la spiaggia sabbiosa Slanica e il centro del paese sono raggiungibili a piedi.<\/p>\n","protected":false},"featured_media":26351,"template":"","meta":{"_acf_changed":false},"product_brand":[],"product_cat":[164],"product_tag":[],"class_list":{"0":"post-52251","1":"product","2":"type-product","3":"status-publish","4":"has-post-thumbnail","6":"product_cat-monolocale","8":"first","9":"instock","10":"sold-individually","11":"shipping-taxable","12":"purchasable","13":"product-type-phive_booking"},"acf":[],"_links":{"self":[{"href":"https:\/\/murter-online.com\/it\/wp-json\/wp\/v2\/product\/52251","targetHints":{"allow":["GET"]}}],"collection":[{"href":"https:\/\/murter-online.com\/it\/wp-json\/wp\/v2\/product"}],"about":[{"href":"https:\/\/murter-online.com\/it\/wp-json\/wp\/v2\/types\/product"}],"wp:featuredmedia":[{"embeddable":true,"href":"https:\/\/murter-online.com\/it\/wp-json\/wp\/v2\/media\/26351"}],"wp:attachment":[{"href":"https:\/\/murter-online.com\/it\/wp-json\/wp\/v2\/media?parent=52251"}],"wp:term":[{"taxonomy":"product_brand","embeddable":true,"href":"https:\/\/murter-online.com\/it\/wp-json\/wp\/v2\/product_brand?post=52251"},{"taxonomy":"product_cat","embeddable":true,"href":"https:\/\/murter-online.com\/it\/wp-json\/wp\/v2\/product_cat?post=52251"},{"taxonomy":"product_tag","embeddable":true,"href":"https:\/\/murter-online.com\/it\/wp-json\/wp\/v2\/product_tag?post=52251"}],"curies":[{"name":"wp","href":"https:\/\/api.w.org\/{rel}","templated":true}]}}