{"id":52259,"date":"2025-01-05T13:34:15","date_gmt":"2025-01-05T12:34:15","guid":{"rendered":"https:\/\/murter.riot.hr\/?post_type=product&#038;p=52259"},"modified":"2025-04-23T10:17:42","modified_gmt":"2025-04-23T09:17:42","slug":"appartamento-silver-a2-id-87","status":"publish","type":"product","link":"https:\/\/murter-online.com\/it\/prodotto\/appartamento-silver-a2-id-87\/","title":{"rendered":"Appartamento per 2 persone vicino spiaggia Zdra\u010de Silver Murter A2 ID 87"},"content":{"rendered":"","protected":false},"excerpt":{"rendered":"<p>L&#8217;appartamento si trova vicino al porto turistico di Murter &#8211; Hramine. Vicino all&#8217;appartamento si trova il centro di Murter, che dista solo pochi minuti a piedi. La prima spiaggia \u00e8 a soli 180 metri (spiaggia cittadina). Vicino all&#8217;appartamento c&#8217;\u00e8 un distributore di benzina, supermercato, ristoranti e caff\u00e8. L&#8217;appartamento ha un balcone e vista mare. L&#8217;appartamento \u00e8 dotato di aria condizionata, WiFi e TV satellitare. Lenzuola, asciugamani e pulizie finali sono incluse nel prezzo.<\/p>\n","protected":false},"featured_media":26251,"template":"","meta":{"_acf_changed":false},"product_brand":[],"product_cat":[164],"product_tag":[],"class_list":{"0":"post-52259","1":"product","2":"type-product","3":"status-publish","4":"has-post-thumbnail","6":"product_cat-monolocale","8":"first","9":"instock","10":"sold-individually","11":"shipping-taxable","12":"purchasable","13":"product-type-phive_booking"},"acf":[],"_links":{"self":[{"href":"https:\/\/murter-online.com\/it\/wp-json\/wp\/v2\/product\/52259","targetHints":{"allow":["GET"]}}],"collection":[{"href":"https:\/\/murter-online.com\/it\/wp-json\/wp\/v2\/product"}],"about":[{"href":"https:\/\/murter-online.com\/it\/wp-json\/wp\/v2\/types\/product"}],"wp:featuredmedia":[{"embeddable":true,"href":"https:\/\/murter-online.com\/it\/wp-json\/wp\/v2\/media\/26251"}],"wp:attachment":[{"href":"https:\/\/murter-online.com\/it\/wp-json\/wp\/v2\/media?parent=52259"}],"wp:term":[{"taxonomy":"product_brand","embeddable":true,"href":"https:\/\/murter-online.com\/it\/wp-json\/wp\/v2\/product_brand?post=52259"},{"taxonomy":"product_cat","embeddable":true,"href":"https:\/\/murter-online.com\/it\/wp-json\/wp\/v2\/product_cat?post=52259"},{"taxonomy":"product_tag","embeddable":true,"href":"https:\/\/murter-online.com\/it\/wp-json\/wp\/v2\/product_tag?post=52259"}],"curies":[{"name":"wp","href":"https:\/\/api.w.org\/{rel}","templated":true}]}}