{"id":52267,"date":"2025-01-05T13:08:16","date_gmt":"2025-01-05T12:08:16","guid":{"rendered":"https:\/\/murter.riot.hr\/?post_type=product&#038;p=52267"},"modified":"2025-04-21T10:22:44","modified_gmt":"2025-04-21T09:22:44","slug":"appartamento-podraduc-murter-a21-id-295","status":"publish","type":"product","link":"https:\/\/murter-online.com\/it\/prodotto\/appartamento-podraduc-murter-a21-id-295\/","title":{"rendered":"Appartamento sul mare &#8211; monolocale Podradu\u010d Murter A2+1 ID 295"},"content":{"rendered":"","protected":false},"excerpt":{"rendered":"<p>Appartamento con bellissima vista mare situato in ottima posizione a soli 20m. lontano dal mare. L&#8217;appartamento \u00e8 dotato di tv, aria condizionata, ricevitore satellitare, connessione internet Wi-Fi GRATUITA. L&#8217;appartamento \u00e8 dotato di bagno con doccia. C&#8217;\u00e8 un salotto. La superficie abitabile \u00e8 di 30 m2. e il balcone\/terrazzo \u00e8 grande 10 m2. Nell&#8217;appartamento possono dormire 2 persone sui letti principali e 1 persona sul divano letto nel soggiorno. L&#8217;appartamento si trova al secondo piano. Animali domestici &#8211; su richiesta. L&#8217;appartamento dispone di un proprio parcheggio gratuito. C&#8217;\u00e8 un barbecue all&#8217;aperto. L&#8217;appartamento \u00e8 a 1000mt. dal centro ea circa 20m. lontano dal mare o dalla prima spiaggia di Murter.<\/p>\n","protected":false},"featured_media":26067,"template":"","meta":{"_acf_changed":false},"product_brand":[],"product_cat":[164],"product_tag":[],"class_list":{"0":"post-52267","1":"product","2":"type-product","3":"status-publish","4":"has-post-thumbnail","6":"product_cat-monolocale","8":"first","9":"instock","10":"sold-individually","11":"shipping-taxable","12":"purchasable","13":"product-type-phive_booking"},"acf":[],"_links":{"self":[{"href":"https:\/\/murter-online.com\/it\/wp-json\/wp\/v2\/product\/52267","targetHints":{"allow":["GET"]}}],"collection":[{"href":"https:\/\/murter-online.com\/it\/wp-json\/wp\/v2\/product"}],"about":[{"href":"https:\/\/murter-online.com\/it\/wp-json\/wp\/v2\/types\/product"}],"wp:featuredmedia":[{"embeddable":true,"href":"https:\/\/murter-online.com\/it\/wp-json\/wp\/v2\/media\/26067"}],"wp:attachment":[{"href":"https:\/\/murter-online.com\/it\/wp-json\/wp\/v2\/media?parent=52267"}],"wp:term":[{"taxonomy":"product_brand","embeddable":true,"href":"https:\/\/murter-online.com\/it\/wp-json\/wp\/v2\/product_brand?post=52267"},{"taxonomy":"product_cat","embeddable":true,"href":"https:\/\/murter-online.com\/it\/wp-json\/wp\/v2\/product_cat?post=52267"},{"taxonomy":"product_tag","embeddable":true,"href":"https:\/\/murter-online.com\/it\/wp-json\/wp\/v2\/product_tag?post=52267"}],"curies":[{"name":"wp","href":"https:\/\/api.w.org\/{rel}","templated":true}]}}