{"id":52274,"date":"2025-01-05T13:06:22","date_gmt":"2025-01-05T12:06:22","guid":{"rendered":"https:\/\/murter.riot.hr\/?post_type=product&#038;p=52274"},"modified":"2025-04-21T10:17:01","modified_gmt":"2025-04-21T09:17:01","slug":"appartamento-podraduc-murter-a21-id-294","status":"publish","type":"product","link":"https:\/\/murter-online.com\/it\/prodotto\/appartamento-podraduc-murter-a21-id-294\/","title":{"rendered":"Appartamento sul mare &#8211; monolocale Podradu\u010d Murter A2+1 ID 294"},"content":{"rendered":"","protected":false},"excerpt":{"rendered":"<p>L&#8217;appartamento con una bellissima vista mare si trova in un&#8217;ottima posizione a soli 50 metri dal mare. L&#8217;appartamento ha una superficie di 30 m2. C&#8217;\u00e8 un letto matrimoniale dove possono dormire 2 adulti. Ha un soggiorno, che pu\u00f2 essere utilizzato per dormire &#8211; Ha un letto extra per una persona. Dispone di un bagno con doccia. L&#8217;area del balcone \/ terrazzo \u00e8 di 5 m2. L&#8217;appartamento si trova al piano terra. L&#8217;appartamento \u00e8 dotato di TV, aria condizionata, forno, connessione internet wifi gratuita. Il parcheggio \u00e8 previsto e incluso nel prezzo. C&#8217;\u00e8 un grill all&#8217;aperto che pu\u00f2 essere utilizzato. L&#8217;appartamento si trova a circa 1500 m dal centro ea 50 m dal mare o dalla prima spiaggia di Murter. Animali domestici su richiesta.<\/p>\n","protected":false},"featured_media":26031,"template":"","meta":{"_acf_changed":false},"product_brand":[],"product_cat":[164],"product_tag":[],"class_list":{"0":"post-52274","1":"product","2":"type-product","3":"status-publish","4":"has-post-thumbnail","6":"product_cat-monolocale","8":"first","9":"instock","10":"sold-individually","11":"shipping-taxable","12":"purchasable","13":"product-type-phive_booking"},"acf":[],"_links":{"self":[{"href":"https:\/\/murter-online.com\/it\/wp-json\/wp\/v2\/product\/52274","targetHints":{"allow":["GET"]}}],"collection":[{"href":"https:\/\/murter-online.com\/it\/wp-json\/wp\/v2\/product"}],"about":[{"href":"https:\/\/murter-online.com\/it\/wp-json\/wp\/v2\/types\/product"}],"wp:featuredmedia":[{"embeddable":true,"href":"https:\/\/murter-online.com\/it\/wp-json\/wp\/v2\/media\/26031"}],"wp:attachment":[{"href":"https:\/\/murter-online.com\/it\/wp-json\/wp\/v2\/media?parent=52274"}],"wp:term":[{"taxonomy":"product_brand","embeddable":true,"href":"https:\/\/murter-online.com\/it\/wp-json\/wp\/v2\/product_brand?post=52274"},{"taxonomy":"product_cat","embeddable":true,"href":"https:\/\/murter-online.com\/it\/wp-json\/wp\/v2\/product_cat?post=52274"},{"taxonomy":"product_tag","embeddable":true,"href":"https:\/\/murter-online.com\/it\/wp-json\/wp\/v2\/product_tag?post=52274"}],"curies":[{"name":"wp","href":"https:\/\/api.w.org\/{rel}","templated":true}]}}