{"id":52275,"date":"2025-01-05T13:03:28","date_gmt":"2025-01-05T13:03:28","guid":{"rendered":"https:\/\/murter.riot.hr\/?post_type=product&#038;p=52275"},"modified":"2025-04-21T10:11:18","modified_gmt":"2025-04-21T09:11:18","slug":"appartmento-podraduc-murter-a21-id-27","status":"publish","type":"product","link":"https:\/\/murter-online.com\/it\/prodotto\/appartmento-podraduc-murter-a21-id-27\/","title":{"rendered":"Appartmento sul mare &#8211; monolocale Podradu\u010d Murter A2+1 ID 27"},"content":{"rendered":"","protected":false},"excerpt":{"rendered":"<p>L&#8217;appartamento con una bellissima vista sul mare si trova in una posizione eccellente solo 20 metri dal mare. L&#8217;appartamento ha una superficie di 30 m2. Nel monolocale pu\u00f2 dormire 2 adulti. Ha un soggiorno. Ha un letto di ricambio per una persona. Ha un bagno con doccia. L&#8217;area della terrazza\/balcone \u00e8 10 m2. L&#8217;appartamento si trova al secondo piano della casa. L&#8217;appartamento \u00e8 dotato di tv, aria condizionata, ricevitore satellitare, connessione internet wifi gratuita. Il parcheggio \u00e8 assicurato e incluso nel prezzo. C&#8217;\u00e8 una griglia esterna che pu\u00f2 essere utilizzata. L&#8217;appartamento \u00e8 di circa 1000 m. \u00e8 lontano dal centro della citt\u00e0 ea 20m. dal mare o dalla prima spiaggia a Murter. Gli animali non sono ammessi.<\/p>\n","protected":false},"featured_media":25939,"template":"","meta":{"_acf_changed":false},"product_brand":[],"product_cat":[164],"product_tag":[],"class_list":{"0":"post-52275","1":"product","2":"type-product","3":"status-publish","4":"has-post-thumbnail","6":"product_cat-monolocale","8":"first","9":"instock","10":"sold-individually","11":"shipping-taxable","12":"purchasable","13":"product-type-phive_booking"},"acf":[],"_links":{"self":[{"href":"https:\/\/murter-online.com\/it\/wp-json\/wp\/v2\/product\/52275","targetHints":{"allow":["GET"]}}],"collection":[{"href":"https:\/\/murter-online.com\/it\/wp-json\/wp\/v2\/product"}],"about":[{"href":"https:\/\/murter-online.com\/it\/wp-json\/wp\/v2\/types\/product"}],"wp:featuredmedia":[{"embeddable":true,"href":"https:\/\/murter-online.com\/it\/wp-json\/wp\/v2\/media\/25939"}],"wp:attachment":[{"href":"https:\/\/murter-online.com\/it\/wp-json\/wp\/v2\/media?parent=52275"}],"wp:term":[{"taxonomy":"product_brand","embeddable":true,"href":"https:\/\/murter-online.com\/it\/wp-json\/wp\/v2\/product_brand?post=52275"},{"taxonomy":"product_cat","embeddable":true,"href":"https:\/\/murter-online.com\/it\/wp-json\/wp\/v2\/product_cat?post=52275"},{"taxonomy":"product_tag","embeddable":true,"href":"https:\/\/murter-online.com\/it\/wp-json\/wp\/v2\/product_tag?post=52275"}],"curies":[{"name":"wp","href":"https:\/\/api.w.org\/{rel}","templated":true}]}}