{"id":52279,"date":"2025-01-06T11:24:58","date_gmt":"2025-01-06T11:24:58","guid":{"rendered":"https:\/\/murter.riot.hr\/?post_type=product&#038;p=52279"},"modified":"2025-01-26T08:38:06","modified_gmt":"2025-01-26T08:38:06","slug":"appartamento-podvrske-murter-jersani-vistamare-a22-id-229","status":"publish","type":"product","link":"https:\/\/murter-online.com\/it\/prodotto\/appartamento-podvrske-murter-jersani-vistamare-a22-id-229\/","title":{"rendered":"Appartamento Podvr\u0161ke Murter Jersani Vistamare A2+2 ID 229"},"content":{"rendered":"","protected":false},"excerpt":{"rendered":"<p>L&#8217;appartamento ha una superficie di 40 m2. Ha una camera da letto dove possono dormire 2 adulti. Ha un soggiorno con un divano letto che pu\u00f2 essere utilizzato per dormire. Dispone di un bagno con doccia. L&#8217;area del balcone \/ terrazzo \u00e8 di 10 m2. L&#8217;appartamento si trova al secondo piano della casa. L&#8217;appartamento \u00e8 dotato di TV, aria condizionata, connessione internet wifi gratuita. Il parcheggio \u00e8 previsto e incluso nel prezzo. L&#8217;appartamento dispone di un posto barca &#8211; che pu\u00f2 essere addebitato a parte. C&#8217;\u00e8 un grill all&#8217;aperto che pu\u00f2 essere utilizzato. L&#8217;appartamento si trova a circa 700 m dal centro e 100 m dal mare o dalla prima spiaggia di Murter. Gli animali domestici sono ammessi a un costo aggiuntivo.<\/p>\n","protected":false},"featured_media":30607,"template":"","meta":{"_acf_changed":false},"product_brand":[],"product_cat":[160,132,162],"product_tag":[],"class_list":{"0":"post-52279","1":"product","2":"type-product","3":"status-publish","4":"has-post-thumbnail","6":"product_cat-appartamenti-con-vista-mare","7":"product_cat-appartamenti","8":"product_cat-appartamenti-per-famiglie","10":"first","11":"instock","12":"sold-individually","13":"shipping-taxable","14":"purchasable","15":"product-type-phive_booking"},"acf":[],"_links":{"self":[{"href":"https:\/\/murter-online.com\/it\/wp-json\/wp\/v2\/product\/52279","targetHints":{"allow":["GET"]}}],"collection":[{"href":"https:\/\/murter-online.com\/it\/wp-json\/wp\/v2\/product"}],"about":[{"href":"https:\/\/murter-online.com\/it\/wp-json\/wp\/v2\/types\/product"}],"wp:featuredmedia":[{"embeddable":true,"href":"https:\/\/murter-online.com\/it\/wp-json\/wp\/v2\/media\/30607"}],"wp:attachment":[{"href":"https:\/\/murter-online.com\/it\/wp-json\/wp\/v2\/media?parent=52279"}],"wp:term":[{"taxonomy":"product_brand","embeddable":true,"href":"https:\/\/murter-online.com\/it\/wp-json\/wp\/v2\/product_brand?post=52279"},{"taxonomy":"product_cat","embeddable":true,"href":"https:\/\/murter-online.com\/it\/wp-json\/wp\/v2\/product_cat?post=52279"},{"taxonomy":"product_tag","embeddable":true,"href":"https:\/\/murter-online.com\/it\/wp-json\/wp\/v2\/product_tag?post=52279"}],"curies":[{"name":"wp","href":"https:\/\/api.w.org\/{rel}","templated":true}]}}