{"id":52285,"date":"2025-01-05T13:00:02","date_gmt":"2025-01-05T12:00:02","guid":{"rendered":"https:\/\/murter.riot.hr\/?post_type=product&#038;p=52285"},"modified":"2025-04-21T09:38:30","modified_gmt":"2025-04-21T08:38:30","slug":"appartamento-podraduc-murter-a2-id-283","status":"publish","type":"product","link":"https:\/\/murter-online.com\/it\/prodotto\/appartamento-podraduc-murter-a2-id-283\/","title":{"rendered":"Appartamento per 2 persone &#8211; monolocale Podradu\u010d Murter A2 ID 283"},"content":{"rendered":"","protected":false},"excerpt":{"rendered":"<p>Il monolocale in via Podradu\u010d si trova a 70 metri dal mare. L&#8217;appartamento si trova al piano terra. L&#8217;appartamento ha una stanza dove possono dormire 2 adulti. L&#8217;appartamento \u00e8 dotato di aria condizionata, macchina del caff\u00e8, congelatore, internet Wi-Fi. L&#8217;appartamento non ha l&#8217;uscita diretta sul terrazzo, ma dispone di un terrazzo vista mare utilizzabile. Di fronte all&#8217;appartamento c&#8217;\u00e8 un barbecue che pu\u00f2 essere utilizzato gratuitamente. Il parcheggio per l&#8217;auto si trova di fronte all&#8217;appartamento ed \u00e8 compreso nel prezzo dell&#8217;appartamento. C&#8217;\u00e8 un&#8217;area con sdraio davanti all&#8217;appartamento, all&#8217;ombra davanti alla spiaggia, che pu\u00f2 essere utilizzata gratuitamente.<\/p>\n","protected":false},"featured_media":25807,"template":"","meta":{"_acf_changed":false},"product_brand":[],"product_cat":[164],"product_tag":[],"class_list":{"0":"post-52285","1":"product","2":"type-product","3":"status-publish","4":"has-post-thumbnail","6":"product_cat-monolocale","8":"first","9":"instock","10":"sold-individually","11":"shipping-taxable","12":"purchasable","13":"product-type-phive_booking"},"acf":[],"_links":{"self":[{"href":"https:\/\/murter-online.com\/it\/wp-json\/wp\/v2\/product\/52285","targetHints":{"allow":["GET"]}}],"collection":[{"href":"https:\/\/murter-online.com\/it\/wp-json\/wp\/v2\/product"}],"about":[{"href":"https:\/\/murter-online.com\/it\/wp-json\/wp\/v2\/types\/product"}],"wp:featuredmedia":[{"embeddable":true,"href":"https:\/\/murter-online.com\/it\/wp-json\/wp\/v2\/media\/25807"}],"wp:attachment":[{"href":"https:\/\/murter-online.com\/it\/wp-json\/wp\/v2\/media?parent=52285"}],"wp:term":[{"taxonomy":"product_brand","embeddable":true,"href":"https:\/\/murter-online.com\/it\/wp-json\/wp\/v2\/product_brand?post=52285"},{"taxonomy":"product_cat","embeddable":true,"href":"https:\/\/murter-online.com\/it\/wp-json\/wp\/v2\/product_cat?post=52285"},{"taxonomy":"product_tag","embeddable":true,"href":"https:\/\/murter-online.com\/it\/wp-json\/wp\/v2\/product_tag?post=52285"}],"curies":[{"name":"wp","href":"https:\/\/api.w.org\/{rel}","templated":true}]}}