{"id":52294,"date":"2025-01-06T11:31:38","date_gmt":"2025-01-06T11:31:38","guid":{"rendered":"https:\/\/murter.riot.hr\/?post_type=product&#038;p=52294"},"modified":"2025-05-01T19:38:16","modified_gmt":"2025-05-01T18:38:16","slug":"appartamento-raduc-view-a21-id-169","status":"publish","type":"product","link":"https:\/\/murter-online.com\/it\/prodotto\/appartamento-raduc-view-a21-id-169\/","title":{"rendered":"Appartamento familiare Radu\u010d View Murter A2+1 ID 169"},"content":{"rendered":"","protected":false},"excerpt":{"rendered":"<div align=\"center\">\n<div class=\"max_width\" align=\"left\">\n<div>\n<div>L&#8217;appartamento si trova in un&#8217;ottima posizione a soli 400 metri dal mare. L&#8217;appartamento ha una superficie di 35 m2. Ha una camera da letto dove possono dormire 2 adulti. Ha un soggiorno, che pu\u00f2 essere utilizzato per dormire &#8211; Ha un letto extra per una persona. Dispone di un bagno con doccia. L&#8217;area del balcone \/ terrazzo \u00e8 di 10 m2. L&#8217;appartamento si trova al primo piano. L&#8217;appartamento \u00e8 dotato di TV, aria condizionata, ricevitore satellitare, connessione internet wifi gratuita. Il parcheggio \u00e8 previsto e incluso nel prezzo. L&#8217;appartamento si trova a circa 800 m dal centro e 400 m dal mare o dalla prima spiaggia di Murter. Animali domestici su richiesta.<\/div>\n<\/div>\n<\/div>\n<\/div>\n<div align=\"center\"><\/div>\n","protected":false},"featured_media":30651,"template":"","meta":{"_acf_changed":false},"product_brand":[],"product_cat":[132,162],"product_tag":[],"class_list":{"0":"post-52294","1":"product","2":"type-product","3":"status-publish","4":"has-post-thumbnail","6":"product_cat-appartamenti","7":"product_cat-appartamenti-per-famiglie","9":"first","10":"instock","11":"sold-individually","12":"shipping-taxable","13":"purchasable","14":"product-type-phive_booking"},"acf":[],"_links":{"self":[{"href":"https:\/\/murter-online.com\/it\/wp-json\/wp\/v2\/product\/52294","targetHints":{"allow":["GET"]}}],"collection":[{"href":"https:\/\/murter-online.com\/it\/wp-json\/wp\/v2\/product"}],"about":[{"href":"https:\/\/murter-online.com\/it\/wp-json\/wp\/v2\/types\/product"}],"wp:featuredmedia":[{"embeddable":true,"href":"https:\/\/murter-online.com\/it\/wp-json\/wp\/v2\/media\/30651"}],"wp:attachment":[{"href":"https:\/\/murter-online.com\/it\/wp-json\/wp\/v2\/media?parent=52294"}],"wp:term":[{"taxonomy":"product_brand","embeddable":true,"href":"https:\/\/murter-online.com\/it\/wp-json\/wp\/v2\/product_brand?post=52294"},{"taxonomy":"product_cat","embeddable":true,"href":"https:\/\/murter-online.com\/it\/wp-json\/wp\/v2\/product_cat?post=52294"},{"taxonomy":"product_tag","embeddable":true,"href":"https:\/\/murter-online.com\/it\/wp-json\/wp\/v2\/product_tag?post=52294"}],"curies":[{"name":"wp","href":"https:\/\/api.w.org\/{rel}","templated":true}]}}