{"id":52296,"date":"2025-01-05T12:52:58","date_gmt":"2025-01-05T11:52:58","guid":{"rendered":"https:\/\/murter.riot.hr\/?post_type=product&#038;p=52296"},"modified":"2025-01-26T08:45:02","modified_gmt":"2025-01-26T08:45:02","slug":"appartamento-sulla-spiaggia-con-posto-barca-id-304","status":"publish","type":"product","link":"https:\/\/murter-online.com\/it\/prodotto\/appartamento-sulla-spiaggia-con-posto-barca-id-304\/","title":{"rendered":"Appartamento sulla spiaggia con posto barca ID 304"},"content":{"rendered":"","protected":false},"excerpt":{"rendered":"<p>Monolocale per due persone vicino alla spiaggia locale di Luke. Appartamento appena ristrutturato con vista mare. L&#8217;appartamento ha un letto matrimoniale dove possono dormire due persone. L&#8217;appartamento \u00e8 dotato di aria condizionata, internet WiFi, forno a microonde, frigorifero, cucina elettrica. La cucina \u00e8 completamente equipaggiata. Di fronte all&#8217;appartamento c&#8217;\u00e8 una terrazza con mobili da giardino e vista sul mare. Il parcheggio per l&#8217;auto si trova di fronte all&#8217;appartamento ed \u00e8 compreso nel prezzo dell&#8217;appartamento. L&#8217;ormeggio per la barca \u00e8 possibile con un pagamento aggiuntivo.<\/p>\n","protected":false},"featured_media":25735,"template":"","meta":{"_acf_changed":false},"product_brand":[],"product_cat":[164],"product_tag":[],"class_list":{"0":"post-52296","1":"product","2":"type-product","3":"status-publish","4":"has-post-thumbnail","6":"product_cat-monolocale","8":"first","9":"instock","10":"sold-individually","11":"shipping-taxable","12":"purchasable","13":"product-type-phive_booking"},"acf":[],"_links":{"self":[{"href":"https:\/\/murter-online.com\/it\/wp-json\/wp\/v2\/product\/52296","targetHints":{"allow":["GET"]}}],"collection":[{"href":"https:\/\/murter-online.com\/it\/wp-json\/wp\/v2\/product"}],"about":[{"href":"https:\/\/murter-online.com\/it\/wp-json\/wp\/v2\/types\/product"}],"wp:featuredmedia":[{"embeddable":true,"href":"https:\/\/murter-online.com\/it\/wp-json\/wp\/v2\/media\/25735"}],"wp:attachment":[{"href":"https:\/\/murter-online.com\/it\/wp-json\/wp\/v2\/media?parent=52296"}],"wp:term":[{"taxonomy":"product_brand","embeddable":true,"href":"https:\/\/murter-online.com\/it\/wp-json\/wp\/v2\/product_brand?post=52296"},{"taxonomy":"product_cat","embeddable":true,"href":"https:\/\/murter-online.com\/it\/wp-json\/wp\/v2\/product_cat?post=52296"},{"taxonomy":"product_tag","embeddable":true,"href":"https:\/\/murter-online.com\/it\/wp-json\/wp\/v2\/product_tag?post=52296"}],"curies":[{"name":"wp","href":"https:\/\/api.w.org\/{rel}","templated":true}]}}