{"id":52318,"date":"2025-01-06T12:09:09","date_gmt":"2025-01-06T12:09:09","guid":{"rendered":"https:\/\/murter.riot.hr\/?post_type=product&#038;p=52318"},"modified":"2025-04-18T08:12:33","modified_gmt":"2025-04-18T07:12:33","slug":"appartamento-slanica-beach-a22-id-162","status":"publish","type":"product","link":"https:\/\/murter-online.com\/it\/prodotto\/appartamento-slanica-beach-a22-id-162\/","title":{"rendered":"Appartamento con piscina Spiaggia Slanica Murter A2+2 ID 162"},"content":{"rendered":"","protected":false},"excerpt":{"rendered":"<p>L&#8217;appartamento con una bellissima vista mare si trova in ottima posizione a soli 70 metri dal mare. L&#8217;appartamento ha una superficie di 40 m2. Ha una camera da letto dove possono dormire 2 adulti. Ha un soggiorno, che pu\u00f2 essere utilizzato per dormire &#8211; Ha un letto aggiuntivo per due persone. Dispone di un bagno con doccia. L&#8217;area del balcone \/ terrazzo \u00e8 di 5 m2. L&#8217;appartamento si trova al piano terra della casa. L&#8217;appartamento \u00e8 dotato di TV, aria condizionata, connessione internet wifi gratuita. C&#8217;\u00e8 una piscina all&#8217;aperto che pu\u00f2 essere utilizzata gratuitamente. Il parcheggio \u00e8 previsto e incluso nel prezzo. Animali domestici su richiesta.<\/p>\n","protected":false},"featured_media":30939,"template":"","meta":{"_acf_changed":false},"product_brand":[],"product_cat":[161,160,132,162],"product_tag":[],"class_list":{"0":"post-52318","1":"product","2":"type-product","3":"status-publish","4":"has-post-thumbnail","6":"product_cat-appartamenti-con-piscina","7":"product_cat-appartamenti-con-vista-mare","8":"product_cat-appartamenti","9":"product_cat-appartamenti-per-famiglie","11":"first","12":"instock","13":"sold-individually","14":"shipping-taxable","15":"purchasable","16":"product-type-phive_booking"},"acf":[],"_links":{"self":[{"href":"https:\/\/murter-online.com\/it\/wp-json\/wp\/v2\/product\/52318","targetHints":{"allow":["GET"]}}],"collection":[{"href":"https:\/\/murter-online.com\/it\/wp-json\/wp\/v2\/product"}],"about":[{"href":"https:\/\/murter-online.com\/it\/wp-json\/wp\/v2\/types\/product"}],"wp:featuredmedia":[{"embeddable":true,"href":"https:\/\/murter-online.com\/it\/wp-json\/wp\/v2\/media\/30939"}],"wp:attachment":[{"href":"https:\/\/murter-online.com\/it\/wp-json\/wp\/v2\/media?parent=52318"}],"wp:term":[{"taxonomy":"product_brand","embeddable":true,"href":"https:\/\/murter-online.com\/it\/wp-json\/wp\/v2\/product_brand?post=52318"},{"taxonomy":"product_cat","embeddable":true,"href":"https:\/\/murter-online.com\/it\/wp-json\/wp\/v2\/product_cat?post=52318"},{"taxonomy":"product_tag","embeddable":true,"href":"https:\/\/murter-online.com\/it\/wp-json\/wp\/v2\/product_tag?post=52318"}],"curies":[{"name":"wp","href":"https:\/\/api.w.org\/{rel}","templated":true}]}}