{"id":52339,"date":"2025-01-05T12:30:52","date_gmt":"2025-01-05T11:30:52","guid":{"rendered":"https:\/\/murter.riot.hr\/?post_type=product&#038;p=52339"},"modified":"2025-04-21T11:01:54","modified_gmt":"2025-04-21T10:01:54","slug":"appartamento-murter-luke-front-beach-a2-id-163","status":"publish","type":"product","link":"https:\/\/murter-online.com\/it\/prodotto\/appartamento-murter-luke-front-beach-a2-id-163\/","title":{"rendered":"Appartamento sul mare spiaggia di Luke Front Beach Murter A2 ID 163"},"content":{"rendered":"","protected":false},"excerpt":{"rendered":"<p>L&#8217;appartamento con una bellissima vista mare si trova in ottima posizione a soli 50 metri dal mare. L&#8217;appartamento ha una superficie di 30 m2. Ha una camera da letto dove possono dormire 2 adulti. C&#8217;\u00e8 un letto supplementare per una persona che pu\u00f2 essere utilizzato. Dispone di un bagno con doccia. L&#8217;area del balcone \/ terrazzo \u00e8 di 5 m2. L&#8217;appartamento si trova al primo piano. L&#8217;appartamento \u00e8 dotato di TV, aria condizionata, forno, connessione internet wifi gratuita. Il parcheggio \u00e8 previsto e incluso nel prezzo. Animali domestici su richiesta.<\/p>\n","protected":false},"featured_media":25371,"template":"","meta":{"_acf_changed":false},"product_brand":[],"product_cat":[164],"product_tag":[],"class_list":{"0":"post-52339","1":"product","2":"type-product","3":"status-publish","4":"has-post-thumbnail","6":"product_cat-monolocale","8":"first","9":"instock","10":"sold-individually","11":"shipping-taxable","12":"purchasable","13":"product-type-phive_booking"},"acf":[],"_links":{"self":[{"href":"https:\/\/murter-online.com\/it\/wp-json\/wp\/v2\/product\/52339","targetHints":{"allow":["GET"]}}],"collection":[{"href":"https:\/\/murter-online.com\/it\/wp-json\/wp\/v2\/product"}],"about":[{"href":"https:\/\/murter-online.com\/it\/wp-json\/wp\/v2\/types\/product"}],"wp:featuredmedia":[{"embeddable":true,"href":"https:\/\/murter-online.com\/it\/wp-json\/wp\/v2\/media\/25371"}],"wp:attachment":[{"href":"https:\/\/murter-online.com\/it\/wp-json\/wp\/v2\/media?parent=52339"}],"wp:term":[{"taxonomy":"product_brand","embeddable":true,"href":"https:\/\/murter-online.com\/it\/wp-json\/wp\/v2\/product_brand?post=52339"},{"taxonomy":"product_cat","embeddable":true,"href":"https:\/\/murter-online.com\/it\/wp-json\/wp\/v2\/product_cat?post=52339"},{"taxonomy":"product_tag","embeddable":true,"href":"https:\/\/murter-online.com\/it\/wp-json\/wp\/v2\/product_tag?post=52339"}],"curies":[{"name":"wp","href":"https:\/\/api.w.org\/{rel}","templated":true}]}}