{"id":52373,"date":"2025-01-05T12:11:08","date_gmt":"2025-01-05T11:11:08","guid":{"rendered":"https:\/\/murter.riot.hr\/?post_type=product&#038;p=52373"},"modified":"2025-04-21T08:11:39","modified_gmt":"2025-04-21T07:11:39","slug":"appartamento-lila-a2-id-89","status":"publish","type":"product","link":"https:\/\/murter-online.com\/it\/prodotto\/appartamento-lila-a2-id-89\/","title":{"rendered":"Appartamento per due persone visino la spiaggia Zdra\u010de &#8211; monolocale Lila Murter A2 ID 89"},"content":{"rendered":"","protected":false},"excerpt":{"rendered":"<p>L&#8217;appartamento si trova vicino al porto turistico di Murter &#8211; Hramine. Vicino al centro abitato di Murter, che pu\u00f2 essere raggiunto in pochi minuti. La prima spiaggia locale \u00e8 a 180 m (spiaggia cittadina). Vicino a distributori di benzina, supermercati, ristoranti e caff\u00e8 locali. L&#8217;appartamento ha un balcone e vista mare. L&#8217;appartamento \u00e8 dotato di attrezzatura, WiFi e TV satellitare. Lenzuola, asciugamani e pulizie finali sono incluse nel prezzo.<\/p>\n","protected":false},"featured_media":25031,"template":"","meta":{"_acf_changed":false},"product_brand":[],"product_cat":[164],"product_tag":[],"class_list":{"0":"post-52373","1":"product","2":"type-product","3":"status-publish","4":"has-post-thumbnail","6":"product_cat-monolocale","8":"first","9":"instock","10":"sold-individually","11":"shipping-taxable","12":"purchasable","13":"product-type-phive_booking"},"acf":[],"_links":{"self":[{"href":"https:\/\/murter-online.com\/it\/wp-json\/wp\/v2\/product\/52373","targetHints":{"allow":["GET"]}}],"collection":[{"href":"https:\/\/murter-online.com\/it\/wp-json\/wp\/v2\/product"}],"about":[{"href":"https:\/\/murter-online.com\/it\/wp-json\/wp\/v2\/types\/product"}],"wp:featuredmedia":[{"embeddable":true,"href":"https:\/\/murter-online.com\/it\/wp-json\/wp\/v2\/media\/25031"}],"wp:attachment":[{"href":"https:\/\/murter-online.com\/it\/wp-json\/wp\/v2\/media?parent=52373"}],"wp:term":[{"taxonomy":"product_brand","embeddable":true,"href":"https:\/\/murter-online.com\/it\/wp-json\/wp\/v2\/product_brand?post=52373"},{"taxonomy":"product_cat","embeddable":true,"href":"https:\/\/murter-online.com\/it\/wp-json\/wp\/v2\/product_cat?post=52373"},{"taxonomy":"product_tag","embeddable":true,"href":"https:\/\/murter-online.com\/it\/wp-json\/wp\/v2\/product_tag?post=52373"}],"curies":[{"name":"wp","href":"https:\/\/api.w.org\/{rel}","templated":true}]}}