{"id":52393,"date":"2025-01-05T10:46:36","date_gmt":"2025-01-05T10:46:36","guid":{"rendered":"https:\/\/murter.riot.hr\/?post_type=product&#038;p=52393"},"modified":"2025-04-21T07:00:06","modified_gmt":"2025-04-21T06:00:06","slug":"appartamento-cigrada-pool-paradise-a21-id-134","status":"publish","type":"product","link":"https:\/\/murter-online.com\/it\/prodotto\/appartamento-cigrada-pool-paradise-a21-id-134\/","title":{"rendered":"Appartamento con la piscina monolocale Pool Paradise A2+1 ID 134"},"content":{"rendered":"","protected":false},"excerpt":{"rendered":"<p>L&#8217;appartamento si trova a circa 800 metri dal mare. L&#8217;appartamento ha una superficie di 30 m2. C&#8217;\u00e8 una camera da letto per 3 adulti. Questo \u00e8 un monolocale. Non c&#8217;\u00e8 soggiorno. Dispone di un bagno con doccia. L&#8217;area del balcone \/ terrazzo \u00e8 di 10 m2. L&#8217;appartamento si trova al primo piano. L&#8217;appartamento \u00e8 dotato di TV, aria condizionata, ricevitore satellitare, connessione internet WiFi gratuita. Il parcheggio \u00e8 previsto e incluso nel prezzo. C&#8217;\u00e8 un grill all&#8217;aperto che pu\u00f2 essere utilizzato. L&#8217;appartamento si trova a circa 800 m dal centro e 800 m dal mare o dalla prima spiaggia di Murter. Animali domestici su richiesta.<\/p>\n","protected":false},"featured_media":24639,"template":"","meta":{"_acf_changed":false},"product_brand":[],"product_cat":[164],"product_tag":[],"class_list":{"0":"post-52393","1":"product","2":"type-product","3":"status-publish","4":"has-post-thumbnail","6":"product_cat-monolocale","8":"first","9":"instock","10":"sold-individually","11":"shipping-taxable","12":"purchasable","13":"product-type-phive_booking"},"acf":[],"_links":{"self":[{"href":"https:\/\/murter-online.com\/it\/wp-json\/wp\/v2\/product\/52393","targetHints":{"allow":["GET"]}}],"collection":[{"href":"https:\/\/murter-online.com\/it\/wp-json\/wp\/v2\/product"}],"about":[{"href":"https:\/\/murter-online.com\/it\/wp-json\/wp\/v2\/types\/product"}],"wp:featuredmedia":[{"embeddable":true,"href":"https:\/\/murter-online.com\/it\/wp-json\/wp\/v2\/media\/24639"}],"wp:attachment":[{"href":"https:\/\/murter-online.com\/it\/wp-json\/wp\/v2\/media?parent=52393"}],"wp:term":[{"taxonomy":"product_brand","embeddable":true,"href":"https:\/\/murter-online.com\/it\/wp-json\/wp\/v2\/product_brand?post=52393"},{"taxonomy":"product_cat","embeddable":true,"href":"https:\/\/murter-online.com\/it\/wp-json\/wp\/v2\/product_cat?post=52393"},{"taxonomy":"product_tag","embeddable":true,"href":"https:\/\/murter-online.com\/it\/wp-json\/wp\/v2\/product_tag?post=52393"}],"curies":[{"name":"wp","href":"https:\/\/api.w.org\/{rel}","templated":true}]}}