{"id":52398,"date":"2025-01-05T10:43:05","date_gmt":"2025-01-05T09:43:05","guid":{"rendered":"https:\/\/murter.riot.hr\/?post_type=product&#038;p=52398"},"modified":"2025-04-21T06:49:54","modified_gmt":"2025-04-21T05:49:54","slug":"appartamento-cigrada-pool-paradise-a2-id-136","status":"publish","type":"product","link":"https:\/\/murter-online.com\/it\/prodotto\/appartamento-cigrada-pool-paradise-a2-id-136\/","title":{"rendered":"Appartamento con piscina Pool Paradise monolocale A2 ID 136"},"content":{"rendered":"","protected":false},"excerpt":{"rendered":"<p>L&#8217;appartamento si trova a circa 750 metri dal mare. L&#8217;appartamento ha una superficie di 30 m2. \u00c8 monolocale per 2 persone. Non c&#8217;\u00e8 soggiorno. Dispone di un bagno con doccia. L&#8217;area del balcone \/ terrazzo \u00e8 di 10 m2. L&#8217;appartamento si trova al piano terra. L&#8217;appartamento \u00e8 dotato di TV, aria condizionata, ricevitore satellitare, connessione internet wifi gratuita. Il parcheggio \u00e8 previsto e incluso nel prezzo. C&#8217;\u00e8 un grill all&#8217;aperto che pu\u00f2 essere utilizzato. C&#8217;\u00e8 una piscina all&#8217;aperto che pu\u00f2 essere utilizzata. Animali domestici su richiesta.<\/p>\n","protected":false},"featured_media":24455,"template":"","meta":{"_acf_changed":false},"product_brand":[],"product_cat":[161,132,164],"product_tag":[],"class_list":{"0":"post-52398","1":"product","2":"type-product","3":"status-publish","4":"has-post-thumbnail","6":"product_cat-appartamenti-con-piscina","7":"product_cat-appartamenti","8":"product_cat-monolocale","10":"first","11":"instock","12":"sold-individually","13":"shipping-taxable","14":"purchasable","15":"product-type-phive_booking"},"acf":[],"_links":{"self":[{"href":"https:\/\/murter-online.com\/it\/wp-json\/wp\/v2\/product\/52398","targetHints":{"allow":["GET"]}}],"collection":[{"href":"https:\/\/murter-online.com\/it\/wp-json\/wp\/v2\/product"}],"about":[{"href":"https:\/\/murter-online.com\/it\/wp-json\/wp\/v2\/types\/product"}],"wp:featuredmedia":[{"embeddable":true,"href":"https:\/\/murter-online.com\/it\/wp-json\/wp\/v2\/media\/24455"}],"wp:attachment":[{"href":"https:\/\/murter-online.com\/it\/wp-json\/wp\/v2\/media?parent=52398"}],"wp:term":[{"taxonomy":"product_brand","embeddable":true,"href":"https:\/\/murter-online.com\/it\/wp-json\/wp\/v2\/product_brand?post=52398"},{"taxonomy":"product_cat","embeddable":true,"href":"https:\/\/murter-online.com\/it\/wp-json\/wp\/v2\/product_cat?post=52398"},{"taxonomy":"product_tag","embeddable":true,"href":"https:\/\/murter-online.com\/it\/wp-json\/wp\/v2\/product_tag?post=52398"}],"curies":[{"name":"wp","href":"https:\/\/api.w.org\/{rel}","templated":true}]}}