{"id":52410,"date":"2025-01-06T13:06:10","date_gmt":"2025-01-06T12:06:10","guid":{"rendered":"https:\/\/murter.riot.hr\/?post_type=product&#038;p=52410"},"modified":"2025-04-06T13:33:13","modified_gmt":"2025-04-06T12:33:13","slug":"appartamento-slanica-ground-paradise-a22-id-129","status":"publish","type":"product","link":"https:\/\/murter-online.com\/it\/prodotto\/appartamento-slanica-ground-paradise-a22-id-129\/","title":{"rendered":"Murter Appartamento vicino spiaggia Slanica  A2+2 ID 129"},"content":{"rendered":"","protected":false},"excerpt":{"rendered":"<p>L&#8217;appartamento si trova in una posizione eccellente solo 250 metri dal mare. L&#8217;appartamento ha una superficie di 60 m2. ha una camera da letto dove possono dormire 2 adulti. Ha un soggiorno, che pu\u00f2 essere utilizzato per dormire &#8211; Ha un letto di ricambio per due persone. Ha un bagno con doccia. L&#8217;area della terrazza\/balcone \u00e8 10 m2. L&#8217;appartamento si trova al piano terra. L&#8217;appartamento \u00e8 dotato di tv, aria condizionata, forno, connessione internet wifi gratuita. Il parcheggio \u00e8 assicurato e incluso nel prezzo. L&#8217;appartamento \u00e8 di circa 750 m. \u00e8 lontano dal centro della citt\u00e0 ea 250m. dal mare o dalla prima spiaggia a Murter. Gli animali non sono ammessi.<\/p>\n","protected":false},"featured_media":31475,"template":"","meta":{"_acf_changed":false},"product_brand":[],"product_cat":[],"product_tag":[],"class_list":{"0":"post-52410","1":"product","2":"type-product","3":"status-publish","4":"has-post-thumbnail","7":"first","8":"instock","9":"sold-individually","10":"shipping-taxable","11":"purchasable","12":"product-type-phive_booking"},"acf":[],"_links":{"self":[{"href":"https:\/\/murter-online.com\/it\/wp-json\/wp\/v2\/product\/52410","targetHints":{"allow":["GET"]}}],"collection":[{"href":"https:\/\/murter-online.com\/it\/wp-json\/wp\/v2\/product"}],"about":[{"href":"https:\/\/murter-online.com\/it\/wp-json\/wp\/v2\/types\/product"}],"wp:featuredmedia":[{"embeddable":true,"href":"https:\/\/murter-online.com\/it\/wp-json\/wp\/v2\/media\/31475"}],"wp:attachment":[{"href":"https:\/\/murter-online.com\/it\/wp-json\/wp\/v2\/media?parent=52410"}],"wp:term":[{"taxonomy":"product_brand","embeddable":true,"href":"https:\/\/murter-online.com\/it\/wp-json\/wp\/v2\/product_brand?post=52410"},{"taxonomy":"product_cat","embeddable":true,"href":"https:\/\/murter-online.com\/it\/wp-json\/wp\/v2\/product_cat?post=52410"},{"taxonomy":"product_tag","embeddable":true,"href":"https:\/\/murter-online.com\/it\/wp-json\/wp\/v2\/product_tag?post=52410"}],"curies":[{"name":"wp","href":"https:\/\/api.w.org\/{rel}","templated":true}]}}