{"id":52411,"date":"2025-01-05T10:35:08","date_gmt":"2025-01-05T09:35:08","guid":{"rendered":"https:\/\/murter.riot.hr\/?post_type=product&#038;p=52411"},"modified":"2025-04-21T06:32:45","modified_gmt":"2025-04-21T05:32:45","slug":"appartamento-alloggio-in-murter-3-a2-1-monolocale-id-232","status":"publish","type":"product","link":"https:\/\/murter-online.com\/it\/prodotto\/appartamento-alloggio-in-murter-3-a2-1-monolocale-id-232\/","title":{"rendered":"Appartamento per A2+1 alloggio in Murter 3 monolocale ID 232"},"content":{"rendered":"","protected":false},"excerpt":{"rendered":"<p>Monolocale per due o tre persone situato al primo piano della casa ed \u00e8 composto da un letto matrimoniale e un lettino (divano letto), cucina, bagno e terrazzo (15m2). L&#8217;appartamento \u00e8 dotato di TV e aria condizionata, wi-fi, forno a microonde e frigorifero con congelatore. Davanti all&#8217;appartamento abbiamo un barbecue all&#8217;aperto che gli ospiti possono utilizzare in qualsiasi momento. L&#8217;appartamento \u00e8 situato molto vicino alla spiaggia locale di Luke e vicino alla spiaggia sabbiosa di Podvr\u0161ke. Il parcheggio \u00e8 previsto e si trova nel cortile.<\/p>\n","protected":false},"featured_media":24331,"template":"","meta":{"_acf_changed":false},"product_brand":[],"product_cat":[164],"product_tag":[],"class_list":{"0":"post-52411","1":"product","2":"type-product","3":"status-publish","4":"has-post-thumbnail","6":"product_cat-monolocale","8":"first","9":"instock","10":"sold-individually","11":"shipping-taxable","12":"purchasable","13":"product-type-phive_booking"},"acf":[],"_links":{"self":[{"href":"https:\/\/murter-online.com\/it\/wp-json\/wp\/v2\/product\/52411","targetHints":{"allow":["GET"]}}],"collection":[{"href":"https:\/\/murter-online.com\/it\/wp-json\/wp\/v2\/product"}],"about":[{"href":"https:\/\/murter-online.com\/it\/wp-json\/wp\/v2\/types\/product"}],"wp:featuredmedia":[{"embeddable":true,"href":"https:\/\/murter-online.com\/it\/wp-json\/wp\/v2\/media\/24331"}],"wp:attachment":[{"href":"https:\/\/murter-online.com\/it\/wp-json\/wp\/v2\/media?parent=52411"}],"wp:term":[{"taxonomy":"product_brand","embeddable":true,"href":"https:\/\/murter-online.com\/it\/wp-json\/wp\/v2\/product_brand?post=52411"},{"taxonomy":"product_cat","embeddable":true,"href":"https:\/\/murter-online.com\/it\/wp-json\/wp\/v2\/product_cat?post=52411"},{"taxonomy":"product_tag","embeddable":true,"href":"https:\/\/murter-online.com\/it\/wp-json\/wp\/v2\/product_tag?post=52411"}],"curies":[{"name":"wp","href":"https:\/\/api.w.org\/{rel}","templated":true}]}}