{"id":52431,"date":"2025-01-05T14:41:32","date_gmt":"2025-01-05T13:41:32","guid":{"rendered":"https:\/\/murter.riot.hr\/?post_type=product&#038;p=52431"},"modified":"2025-01-26T11:07:09","modified_gmt":"2025-01-26T11:07:09","slug":"camera-murter-old-town-a2-id-209","status":"publish","type":"product","link":"https:\/\/murter-online.com\/it\/prodotto\/camera-murter-old-town-a2-id-209\/","title":{"rendered":"Camera Murter Old Town A2 ID 209"},"content":{"rendered":"","protected":false},"excerpt":{"rendered":"<p>Camera a Murter per due persone. La camera si trova nella parte vecchia di Murter. C&#8217;\u00e8 una cucina ausiliaria che pu\u00f2 essere utilizzata gratuitamente. La camera ha il proprio bagno, la terrazza \u00e8 condivisa con un&#8217;altra camera e un appartamento con una camera da letto. Il parcheggio \u00e8 fornito e gratuito. La spiaggia pi\u00f9 vicina \u00e8 \u010cigra\u0111a.<\/p>\n","protected":false},"featured_media":27111,"template":"","meta":{"_acf_changed":false},"product_brand":[],"product_cat":[165],"product_tag":[],"class_list":{"0":"post-52431","1":"product","2":"type-product","3":"status-publish","4":"has-post-thumbnail","6":"product_cat-stanze","8":"first","9":"instock","10":"sold-individually","11":"shipping-taxable","12":"purchasable","13":"product-type-phive_booking"},"acf":[],"_links":{"self":[{"href":"https:\/\/murter-online.com\/it\/wp-json\/wp\/v2\/product\/52431","targetHints":{"allow":["GET"]}}],"collection":[{"href":"https:\/\/murter-online.com\/it\/wp-json\/wp\/v2\/product"}],"about":[{"href":"https:\/\/murter-online.com\/it\/wp-json\/wp\/v2\/types\/product"}],"wp:featuredmedia":[{"embeddable":true,"href":"https:\/\/murter-online.com\/it\/wp-json\/wp\/v2\/media\/27111"}],"wp:attachment":[{"href":"https:\/\/murter-online.com\/it\/wp-json\/wp\/v2\/media?parent=52431"}],"wp:term":[{"taxonomy":"product_brand","embeddable":true,"href":"https:\/\/murter-online.com\/it\/wp-json\/wp\/v2\/product_brand?post=52431"},{"taxonomy":"product_cat","embeddable":true,"href":"https:\/\/murter-online.com\/it\/wp-json\/wp\/v2\/product_cat?post=52431"},{"taxonomy":"product_tag","embeddable":true,"href":"https:\/\/murter-online.com\/it\/wp-json\/wp\/v2\/product_tag?post=52431"}],"curies":[{"name":"wp","href":"https:\/\/api.w.org\/{rel}","templated":true}]}}