{"id":52437,"date":"2025-01-06T14:09:57","date_gmt":"2025-01-06T14:09:57","guid":{"rendered":"https:\/\/murter.riot.hr\/?post_type=product&#038;p=52437"},"modified":"2025-04-06T13:17:24","modified_gmt":"2025-04-06T12:17:24","slug":"appartamento-slanica-murter-gaby-a21-id-12","status":"publish","type":"product","link":"https:\/\/murter-online.com\/it\/prodotto\/appartamento-slanica-murter-gaby-a21-id-12\/","title":{"rendered":"Appartamento vicino la spiaggia  Slanica Gaby Murter A2+1 ID 12"},"content":{"rendered":"","protected":false},"excerpt":{"rendered":"<p>Appartamento con \u00e8 situato in una posizione eccellente a soli 250m. lontano dal mare. L&#8217;appartamento \u00e8 dotato di tv, forno, aria condizionata. L&#8217;appartamento ha un bagno con doccia. C&#8217;\u00e8 un salotto. La zona giorno \u00e8 di 40 m2. e il balcone \/ terrazzo \u00e8 grande 20 m2. Nell&#8217;appartamento possono dormire 3 persone sui letti principali e 1 persona su un divano letto nel soggiorno. L&#8217;appartamento si trova al primo piano. Animali domestici &#8211; non ammessi. L&#8217;appartamento ha il suo parcheggio gratuito. C&#8217;\u00e8 un barbecue aperto. L&#8217;appartamento \u00e8 1000m lontano dal centro e circa 250m. lontano dal mare o prima spiaggia a Murter &#8211;<\/p>\n","protected":false},"featured_media":31615,"template":"","meta":{"_acf_changed":false},"product_brand":[],"product_cat":[132,162],"product_tag":[],"class_list":{"0":"post-52437","1":"product","2":"type-product","3":"status-publish","4":"has-post-thumbnail","6":"product_cat-appartamenti","7":"product_cat-appartamenti-per-famiglie","9":"first","10":"instock","11":"sold-individually","12":"shipping-taxable","13":"purchasable","14":"product-type-phive_booking"},"acf":[],"_links":{"self":[{"href":"https:\/\/murter-online.com\/it\/wp-json\/wp\/v2\/product\/52437","targetHints":{"allow":["GET"]}}],"collection":[{"href":"https:\/\/murter-online.com\/it\/wp-json\/wp\/v2\/product"}],"about":[{"href":"https:\/\/murter-online.com\/it\/wp-json\/wp\/v2\/types\/product"}],"wp:featuredmedia":[{"embeddable":true,"href":"https:\/\/murter-online.com\/it\/wp-json\/wp\/v2\/media\/31615"}],"wp:attachment":[{"href":"https:\/\/murter-online.com\/it\/wp-json\/wp\/v2\/media?parent=52437"}],"wp:term":[{"taxonomy":"product_brand","embeddable":true,"href":"https:\/\/murter-online.com\/it\/wp-json\/wp\/v2\/product_brand?post=52437"},{"taxonomy":"product_cat","embeddable":true,"href":"https:\/\/murter-online.com\/it\/wp-json\/wp\/v2\/product_cat?post=52437"},{"taxonomy":"product_tag","embeddable":true,"href":"https:\/\/murter-online.com\/it\/wp-json\/wp\/v2\/product_tag?post=52437"}],"curies":[{"name":"wp","href":"https:\/\/api.w.org\/{rel}","templated":true}]}}