{"id":52446,"date":"2025-01-05T14:07:13","date_gmt":"2025-01-05T13:07:13","guid":{"rendered":"https:\/\/murter.riot.hr\/?post_type=product&#038;p=52446"},"modified":"2025-01-26T11:23:56","modified_gmt":"2025-01-26T11:23:56","slug":"camera-marina-murter-a2-126","status":"publish","type":"product","link":"https:\/\/murter-online.com\/it\/prodotto\/camera-marina-murter-a2-126\/","title":{"rendered":"Camera Marina Murter A2 126"},"content":{"rendered":"","protected":false},"excerpt":{"rendered":"<p>La camera \u00e8 completamente attrezzata, a 250 metri dalla prima spiaggia. La camera ha una superficie di 10 m2. C&#8217;\u00e8 un letto matrimoniale per 2 persone. Dispone di un bagno con doccia. La camera si trova al piano terra. La camera \u00e8 dotata di frigorifero, Wi-fi. Il parcheggio \u00e8 fornito e gratuito. Gli animali domestici sono ammessi a un costo aggiuntivo.<\/p>\n","protected":false},"featured_media":26971,"template":"","meta":{"_acf_changed":false},"product_brand":[],"product_cat":[165],"product_tag":[],"class_list":{"0":"post-52446","1":"product","2":"type-product","3":"status-publish","4":"has-post-thumbnail","6":"product_cat-stanze","8":"first","9":"instock","10":"sold-individually","11":"shipping-taxable","12":"purchasable","13":"product-type-phive_booking"},"acf":[],"_links":{"self":[{"href":"https:\/\/murter-online.com\/it\/wp-json\/wp\/v2\/product\/52446","targetHints":{"allow":["GET"]}}],"collection":[{"href":"https:\/\/murter-online.com\/it\/wp-json\/wp\/v2\/product"}],"about":[{"href":"https:\/\/murter-online.com\/it\/wp-json\/wp\/v2\/types\/product"}],"wp:featuredmedia":[{"embeddable":true,"href":"https:\/\/murter-online.com\/it\/wp-json\/wp\/v2\/media\/26971"}],"wp:attachment":[{"href":"https:\/\/murter-online.com\/it\/wp-json\/wp\/v2\/media?parent=52446"}],"wp:term":[{"taxonomy":"product_brand","embeddable":true,"href":"https:\/\/murter-online.com\/it\/wp-json\/wp\/v2\/product_brand?post=52446"},{"taxonomy":"product_cat","embeddable":true,"href":"https:\/\/murter-online.com\/it\/wp-json\/wp\/v2\/product_cat?post=52446"},{"taxonomy":"product_tag","embeddable":true,"href":"https:\/\/murter-online.com\/it\/wp-json\/wp\/v2\/product_tag?post=52446"}],"curies":[{"name":"wp","href":"https:\/\/api.w.org\/{rel}","templated":true}]}}