{"id":52460,"date":"2025-01-03T15:45:09","date_gmt":"2025-01-03T15:45:09","guid":{"rendered":"https:\/\/murter.riot.hr\/?post_type=product&#038;p=52460"},"modified":"2025-01-26T13:08:14","modified_gmt":"2025-01-26T13:08:14","slug":"appartamento-con-ormeggio-per-la-barca-murter-kornati-a6-id-258","status":"publish","type":"product","link":"https:\/\/murter-online.com\/it\/prodotto\/appartamento-con-ormeggio-per-la-barca-murter-kornati-a6-id-258\/","title":{"rendered":"Appartamento con ormeggio per la barca Murter Kornati A6 ID 258"},"content":{"rendered":"","protected":false},"excerpt":{"rendered":"<div align=\"center\">\n<div class=\"max_width\" align=\"left\">\n<div>\n<div>L&#8217;appartamento si trova al secondo piano della casa. L&#8217;appartamento dispone di 3 camere da letto dove possono dormire 6 adulti. L&#8217;appartamento ha due bagni. L&#8217;appartamento ha una terrazza con vista sul mare. L&#8217;appartamento dista 50 metri dal mare e dalla spiaggia. L&#8217;appartamento si trova a 450 metri dalla spiaggia locale Luke ea 550 metri dalla spiaggia sabbiosa Podvr\u0161ke. L&#8217;appartamento \u00e8 completamente attrezzato. L&#8217;appartamento ha la possibilit\u00e0 di ormeggio per una barca, a pagamento. C&#8217;\u00e8 un barbecue di fronte all&#8217;appartamento che pu\u00f2 essere utilizzato gratuitamente. Il parcheggio \u00e8 nel cortile di fronte all&#8217;appartamento e pu\u00f2 essere utilizzato gratuitamente.<\/div>\n<\/div>\n<\/div>\n<\/div>\n<div align=\"center\"><\/div>\n","protected":false},"featured_media":23075,"template":"","meta":{"_acf_changed":false},"product_brand":[],"product_cat":[162],"product_tag":[],"class_list":{"0":"post-52460","1":"product","2":"type-product","3":"status-publish","4":"has-post-thumbnail","6":"product_cat-appartamenti-per-famiglie","8":"first","9":"instock","10":"sold-individually","11":"shipping-taxable","12":"purchasable","13":"product-type-phive_booking"},"acf":[],"_links":{"self":[{"href":"https:\/\/murter-online.com\/it\/wp-json\/wp\/v2\/product\/52460","targetHints":{"allow":["GET"]}}],"collection":[{"href":"https:\/\/murter-online.com\/it\/wp-json\/wp\/v2\/product"}],"about":[{"href":"https:\/\/murter-online.com\/it\/wp-json\/wp\/v2\/types\/product"}],"wp:featuredmedia":[{"embeddable":true,"href":"https:\/\/murter-online.com\/it\/wp-json\/wp\/v2\/media\/23075"}],"wp:attachment":[{"href":"https:\/\/murter-online.com\/it\/wp-json\/wp\/v2\/media?parent=52460"}],"wp:term":[{"taxonomy":"product_brand","embeddable":true,"href":"https:\/\/murter-online.com\/it\/wp-json\/wp\/v2\/product_brand?post=52460"},{"taxonomy":"product_cat","embeddable":true,"href":"https:\/\/murter-online.com\/it\/wp-json\/wp\/v2\/product_cat?post=52460"},{"taxonomy":"product_tag","embeddable":true,"href":"https:\/\/murter-online.com\/it\/wp-json\/wp\/v2\/product_tag?post=52460"}],"curies":[{"name":"wp","href":"https:\/\/api.w.org\/{rel}","templated":true}]}}