{"id":52466,"date":"2025-01-03T15:38:50","date_gmt":"2025-01-03T14:38:50","guid":{"rendered":"https:\/\/murter.riot.hr\/?post_type=product&#038;p=52466"},"modified":"2025-05-01T19:42:40","modified_gmt":"2025-05-01T18:42:40","slug":"appartamento-renata-luxury-place-a6-id-72","status":"publish","type":"product","link":"https:\/\/murter-online.com\/it\/prodotto\/appartamento-renata-luxury-place-a6-id-72\/","title":{"rendered":"Appartamento con piscina Renata Murter A6 ID 72"},"content":{"rendered":"","protected":false},"excerpt":{"rendered":"<p>L&#8217;appartamento si trova al piano terra ed \u00e8 composto da tre camere matrimoniali, ampio soggiorno con zona pranzo e due bagni. Dalla splendida terrazza dove \u00e8 possibile ospitare anche i vostri ospiti su due tavoli per 12 persone, c&#8217;\u00e8 una vista sulla piscina, sul camino da giardino e tutto con il profumo inebriante di lavanda, rosmarino ed erbe che sono a portata di mano.<\/p>\n","protected":false},"featured_media":23007,"template":"","meta":{"_acf_changed":false},"product_brand":[],"product_cat":[162],"product_tag":[],"class_list":{"0":"post-52466","1":"product","2":"type-product","3":"status-publish","4":"has-post-thumbnail","6":"product_cat-appartamenti-per-famiglie","8":"first","9":"instock","10":"sold-individually","11":"shipping-taxable","12":"purchasable","13":"product-type-phive_booking"},"acf":[],"_links":{"self":[{"href":"https:\/\/murter-online.com\/it\/wp-json\/wp\/v2\/product\/52466","targetHints":{"allow":["GET"]}}],"collection":[{"href":"https:\/\/murter-online.com\/it\/wp-json\/wp\/v2\/product"}],"about":[{"href":"https:\/\/murter-online.com\/it\/wp-json\/wp\/v2\/types\/product"}],"wp:featuredmedia":[{"embeddable":true,"href":"https:\/\/murter-online.com\/it\/wp-json\/wp\/v2\/media\/23007"}],"wp:attachment":[{"href":"https:\/\/murter-online.com\/it\/wp-json\/wp\/v2\/media?parent=52466"}],"wp:term":[{"taxonomy":"product_brand","embeddable":true,"href":"https:\/\/murter-online.com\/it\/wp-json\/wp\/v2\/product_brand?post=52466"},{"taxonomy":"product_cat","embeddable":true,"href":"https:\/\/murter-online.com\/it\/wp-json\/wp\/v2\/product_cat?post=52466"},{"taxonomy":"product_tag","embeddable":true,"href":"https:\/\/murter-online.com\/it\/wp-json\/wp\/v2\/product_tag?post=52466"}],"curies":[{"name":"wp","href":"https:\/\/api.w.org\/{rel}","templated":true}]}}