{"id":52484,"date":"2025-01-03T15:18:55","date_gmt":"2025-01-03T14:18:55","guid":{"rendered":"https:\/\/murter.riot.hr\/?post_type=product&#038;p=52484"},"modified":"2025-05-01T12:20:13","modified_gmt":"2025-05-01T11:20:13","slug":"appartamento-mario-marine-view-a6-id-59","status":"publish","type":"product","link":"https:\/\/murter-online.com\/it\/prodotto\/appartamento-mario-marine-view-a6-id-59\/","title":{"rendered":"Appartamento familiare Mario Marina Murter A6 ID 59"},"content":{"rendered":"","protected":false},"excerpt":{"rendered":"<p>L&#8217;appartamento con una bellissima vista sul mare si trova in una posizione eccellente a soli 100 metri dal mare. L&#8217;appartamento ha una superficie di 90 m2. Dispone di tre camere da letto che possono ospitare 6 adulti. Ha un soggiorno. Ha un bagno con vasca. L&#8217;area del balcone \/ terrazzo \u00e8 di 10 m2. L&#8217;appartamento si trova al primo piano. L&#8217;appartamento \u00e8 dotato di TV, aria condizionata, ricevitore satellitare, forno. Il parcheggio \u00e8 fornito e incluso nel prezzo. C&#8217;\u00e8 una griglia esterna che pu\u00f2 essere utilizzata. L&#8217;appartamento si trova a circa 350 m dal centro e 100 m dal mare o dalla prima spiaggia di Murter. Non sono ammessi animali<\/p>\n","protected":false},"featured_media":22499,"template":"","meta":{"_acf_changed":false},"product_brand":[],"product_cat":[162],"product_tag":[],"class_list":{"0":"post-52484","1":"product","2":"type-product","3":"status-publish","4":"has-post-thumbnail","6":"product_cat-appartamenti-per-famiglie","8":"first","9":"instock","10":"sold-individually","11":"shipping-taxable","12":"purchasable","13":"product-type-phive_booking"},"acf":[],"_links":{"self":[{"href":"https:\/\/murter-online.com\/it\/wp-json\/wp\/v2\/product\/52484","targetHints":{"allow":["GET"]}}],"collection":[{"href":"https:\/\/murter-online.com\/it\/wp-json\/wp\/v2\/product"}],"about":[{"href":"https:\/\/murter-online.com\/it\/wp-json\/wp\/v2\/types\/product"}],"wp:featuredmedia":[{"embeddable":true,"href":"https:\/\/murter-online.com\/it\/wp-json\/wp\/v2\/media\/22499"}],"wp:attachment":[{"href":"https:\/\/murter-online.com\/it\/wp-json\/wp\/v2\/media?parent=52484"}],"wp:term":[{"taxonomy":"product_brand","embeddable":true,"href":"https:\/\/murter-online.com\/it\/wp-json\/wp\/v2\/product_brand?post=52484"},{"taxonomy":"product_cat","embeddable":true,"href":"https:\/\/murter-online.com\/it\/wp-json\/wp\/v2\/product_cat?post=52484"},{"taxonomy":"product_tag","embeddable":true,"href":"https:\/\/murter-online.com\/it\/wp-json\/wp\/v2\/product_tag?post=52484"}],"curies":[{"name":"wp","href":"https:\/\/api.w.org\/{rel}","templated":true}]}}