{"id":52488,"date":"2025-01-03T14:59:22","date_gmt":"2025-01-03T13:59:22","guid":{"rendered":"https:\/\/murter.riot.hr\/?post_type=product&#038;p=52488"},"modified":"2025-04-26T07:04:25","modified_gmt":"2025-04-26T06:04:25","slug":"appartamento-kornatska-hidden-place-a6-id-117","status":"publish","type":"product","link":"https:\/\/murter-online.com\/it\/prodotto\/appartamento-kornatska-hidden-place-a6-id-117\/","title":{"rendered":"Appartamento familiare Kornatska Hidden Place Murter A6 ID 117"},"content":{"rendered":"","protected":false},"excerpt":{"rendered":"<p>L&#8217;appartamento con una bellissima vista sul mare si trova in un&#8217;ottima posizione solo 350 metri dal mare. L&#8217;appartamento ha una superficie di 15 m2. ha due camere da letto dove possono dormire 4 adulti. Ha un soggiorno, che pu\u00f2 essere utilizzato per dormire &#8211; Ha un letto di ricambio per una persona. Ha un bagno con doccia. L&#8217;area della terrazza\/balcone \u00e8 30 m2. L&#8217;appartamento si trova al piano terra. L&#8217;appartamento \u00e8 dotato di tv, forno, connessione internet wifi gratuita. Il parcheggio \u00e8 assicurato e incluso nel prezzo. C&#8217;\u00e8 una griglia esterna che pu\u00f2 essere utilizzata. L&#8217;appartamento \u00e8 di circa 450 m. \u00e8 lontano dal centro della citt\u00e0 ea 350m. dal mare o dalla prima spiaggia a Murter. Gli animali domestici sono ammessi ad un costo aggiuntivo.<\/p>\n","protected":false},"featured_media":22223,"template":"","meta":{"_acf_changed":false},"product_brand":[],"product_cat":[162],"product_tag":[],"class_list":{"0":"post-52488","1":"product","2":"type-product","3":"status-publish","4":"has-post-thumbnail","6":"product_cat-appartamenti-per-famiglie","8":"first","9":"instock","10":"sold-individually","11":"shipping-taxable","12":"purchasable","13":"product-type-phive_booking"},"acf":[],"_links":{"self":[{"href":"https:\/\/murter-online.com\/it\/wp-json\/wp\/v2\/product\/52488","targetHints":{"allow":["GET"]}}],"collection":[{"href":"https:\/\/murter-online.com\/it\/wp-json\/wp\/v2\/product"}],"about":[{"href":"https:\/\/murter-online.com\/it\/wp-json\/wp\/v2\/types\/product"}],"wp:featuredmedia":[{"embeddable":true,"href":"https:\/\/murter-online.com\/it\/wp-json\/wp\/v2\/media\/22223"}],"wp:attachment":[{"href":"https:\/\/murter-online.com\/it\/wp-json\/wp\/v2\/media?parent=52488"}],"wp:term":[{"taxonomy":"product_brand","embeddable":true,"href":"https:\/\/murter-online.com\/it\/wp-json\/wp\/v2\/product_brand?post=52488"},{"taxonomy":"product_cat","embeddable":true,"href":"https:\/\/murter-online.com\/it\/wp-json\/wp\/v2\/product_cat?post=52488"},{"taxonomy":"product_tag","embeddable":true,"href":"https:\/\/murter-online.com\/it\/wp-json\/wp\/v2\/product_tag?post=52488"}],"curies":[{"name":"wp","href":"https:\/\/api.w.org\/{rel}","templated":true}]}}