{"id":52497,"date":"2025-01-05T10:27:40","date_gmt":"2025-01-05T09:27:40","guid":{"rendered":"https:\/\/murter.riot.hr\/?post_type=product&#038;p=52497"},"modified":"2025-05-01T07:43:48","modified_gmt":"2025-05-01T06:43:48","slug":"apartman-dragica-a71-id-24","status":"publish","type":"product","link":"https:\/\/murter-online.com\/it\/prodotto\/apartman-dragica-a71-id-24\/","title":{"rendered":"Appartamento familiare vicino spiaggia Slanica Dragica Murter A7+1 ID 24"},"content":{"rendered":"","protected":false},"excerpt":{"rendered":"<p>L&#8217;appartamento \u00e8 in un&#8217;ottima posizione, a soli 400 metri dal mare. L&#8217;appartamento ha una superficie di 100 mq. Dispone di quattro camere da letto che possono ospitare 7 adulti. Ha un soggiorno che pu\u00f2 essere utilizzato per dormire &#8211; Ha un letto supplementare per una persona. Ha un bagno con doccia. La superficie del balcone\/terrazzo \u00e8 di 25 m2. L&#8217;appartamento si trova al primo piano della casa. L&#8217;appartamento \u00e8 dotato di tv, forno, lavatrice. Il parcheggio \u00e8 previsto e compreso nel prezzo. L&#8217;appartamento dista circa 1000 mq. 400 m dal centro della citt\u00e0. dal mare o dalla prima spiaggia di Murter. Gli animali domestici sono ammessi pagando un costo aggiuntivo.<\/p>\n","protected":false},"featured_media":24191,"template":"","meta":{"_acf_changed":false},"product_brand":[],"product_cat":[132,162],"product_tag":[],"class_list":{"0":"post-52497","1":"product","2":"type-product","3":"status-publish","4":"has-post-thumbnail","6":"product_cat-appartamenti","7":"product_cat-appartamenti-per-famiglie","9":"first","10":"instock","11":"sold-individually","12":"shipping-taxable","13":"purchasable","14":"product-type-phive_booking"},"acf":[],"_links":{"self":[{"href":"https:\/\/murter-online.com\/it\/wp-json\/wp\/v2\/product\/52497","targetHints":{"allow":["GET"]}}],"collection":[{"href":"https:\/\/murter-online.com\/it\/wp-json\/wp\/v2\/product"}],"about":[{"href":"https:\/\/murter-online.com\/it\/wp-json\/wp\/v2\/types\/product"}],"wp:featuredmedia":[{"embeddable":true,"href":"https:\/\/murter-online.com\/it\/wp-json\/wp\/v2\/media\/24191"}],"wp:attachment":[{"href":"https:\/\/murter-online.com\/it\/wp-json\/wp\/v2\/media?parent=52497"}],"wp:term":[{"taxonomy":"product_brand","embeddable":true,"href":"https:\/\/murter-online.com\/it\/wp-json\/wp\/v2\/product_brand?post=52497"},{"taxonomy":"product_cat","embeddable":true,"href":"https:\/\/murter-online.com\/it\/wp-json\/wp\/v2\/product_cat?post=52497"},{"taxonomy":"product_tag","embeddable":true,"href":"https:\/\/murter-online.com\/it\/wp-json\/wp\/v2\/product_tag?post=52497"}],"curies":[{"name":"wp","href":"https:\/\/api.w.org\/{rel}","templated":true}]}}