{"id":52501,"date":"2025-01-06T14:21:29","date_gmt":"2025-01-06T13:21:29","guid":{"rendered":"https:\/\/murter.riot.hr\/?post_type=product&#038;p=52501"},"modified":"2025-04-06T11:05:44","modified_gmt":"2025-04-06T10:05:44","slug":"appartamento-slanica-new-sea-view-a3-id-172","status":"publish","type":"product","link":"https:\/\/murter-online.com\/it\/prodotto\/appartamento-slanica-new-sea-view-a3-id-172\/","title":{"rendered":"Appartamento con vista mare spiaggia Slanica A3 ID 172"},"content":{"rendered":"","protected":false},"excerpt":{"rendered":"<p>L&#8217;appartamento ha una superficie di 28 m2. \u00c8 un monolocale che pu\u00f2 ospitare 3 adulti. L&#8217;appartamento ha un balcone con vista sul mare e sul giardino. La connessione Wi-Fi e il parcheggio sono gratuiti di fronte alla struttura. L&#8217;appartamento ha un bagno con doccia, WC, asciugacapelli. La cucina \u00e8 completamente equipaggiata. C&#8217;\u00e8 un grill all&#8217;aperto che pu\u00f2 essere utilizzato.<\/p>\n","protected":false},"featured_media":31679,"template":"","meta":{"_acf_changed":false},"product_brand":[],"product_cat":[160,132,162],"product_tag":[],"class_list":{"0":"post-52501","1":"product","2":"type-product","3":"status-publish","4":"has-post-thumbnail","6":"product_cat-appartamenti-con-vista-mare","7":"product_cat-appartamenti","8":"product_cat-appartamenti-per-famiglie","10":"first","11":"instock","12":"sold-individually","13":"shipping-taxable","14":"purchasable","15":"product-type-phive_booking"},"acf":[],"_links":{"self":[{"href":"https:\/\/murter-online.com\/it\/wp-json\/wp\/v2\/product\/52501","targetHints":{"allow":["GET"]}}],"collection":[{"href":"https:\/\/murter-online.com\/it\/wp-json\/wp\/v2\/product"}],"about":[{"href":"https:\/\/murter-online.com\/it\/wp-json\/wp\/v2\/types\/product"}],"wp:featuredmedia":[{"embeddable":true,"href":"https:\/\/murter-online.com\/it\/wp-json\/wp\/v2\/media\/31679"}],"wp:attachment":[{"href":"https:\/\/murter-online.com\/it\/wp-json\/wp\/v2\/media?parent=52501"}],"wp:term":[{"taxonomy":"product_brand","embeddable":true,"href":"https:\/\/murter-online.com\/it\/wp-json\/wp\/v2\/product_brand?post=52501"},{"taxonomy":"product_cat","embeddable":true,"href":"https:\/\/murter-online.com\/it\/wp-json\/wp\/v2\/product_cat?post=52501"},{"taxonomy":"product_tag","embeddable":true,"href":"https:\/\/murter-online.com\/it\/wp-json\/wp\/v2\/product_tag?post=52501"}],"curies":[{"name":"wp","href":"https:\/\/api.w.org\/{rel}","templated":true}]}}