{"id":52518,"date":"2025-01-06T15:13:08","date_gmt":"2025-01-06T15:13:08","guid":{"rendered":"https:\/\/murter.riot.hr\/?post_type=product&#038;p=52518"},"modified":"2025-04-05T06:40:46","modified_gmt":"2025-04-05T05:40:46","slug":"appartamento-slanica-sandy-paradise-a31-id-173","status":"publish","type":"product","link":"https:\/\/murter-online.com\/it\/prodotto\/appartamento-slanica-sandy-paradise-a31-id-173\/","title":{"rendered":"Appartamento vicino la spiaggia Slanica Murter A3+1 ID 173"},"content":{"rendered":"","protected":false},"excerpt":{"rendered":"<div align=\"center\">\n<div class=\"max_width\" align=\"left\">\n<div>\n<div>L&#8217;appartamento ha una superficie di 38 m2. Si tratta di un appartamento con una camera da letto che pu\u00f2 ospitare 4 persone. La camera da letto ha tre letti principali. L&#8217;appartamento ha un soggiorno, c&#8217;\u00e8 un divano letto che pu\u00f2 essere utilizzato per dormire. L&#8217;appartamento ha un balcone con vista mare e giardino. Gli ospiti degli appartamenti dispongono di connessione Wi-Fi e parcheggio gratuiti di fronte alla struttura. L&#8217;appartamento ha un bagno con doccia, WC, asciugacapelli. La cucina \u00e8 completamente equipaggiata. C&#8217;\u00e8 un grill all&#8217;aperto che pu\u00f2 essere utilizzato.<\/div>\n<\/div>\n<\/div>\n<\/div>\n<div align=\"center\"><\/div>\n","protected":false},"featured_media":32487,"template":"","meta":{"_acf_changed":false},"product_brand":[],"product_cat":[132,162],"product_tag":[],"class_list":{"0":"post-52518","1":"product","2":"type-product","3":"status-publish","4":"has-post-thumbnail","6":"product_cat-appartamenti","7":"product_cat-appartamenti-per-famiglie","9":"first","10":"instock","11":"sold-individually","12":"shipping-taxable","13":"purchasable","14":"product-type-phive_booking"},"acf":[],"_links":{"self":[{"href":"https:\/\/murter-online.com\/it\/wp-json\/wp\/v2\/product\/52518","targetHints":{"allow":["GET"]}}],"collection":[{"href":"https:\/\/murter-online.com\/it\/wp-json\/wp\/v2\/product"}],"about":[{"href":"https:\/\/murter-online.com\/it\/wp-json\/wp\/v2\/types\/product"}],"wp:featuredmedia":[{"embeddable":true,"href":"https:\/\/murter-online.com\/it\/wp-json\/wp\/v2\/media\/32487"}],"wp:attachment":[{"href":"https:\/\/murter-online.com\/it\/wp-json\/wp\/v2\/media?parent=52518"}],"wp:term":[{"taxonomy":"product_brand","embeddable":true,"href":"https:\/\/murter-online.com\/it\/wp-json\/wp\/v2\/product_brand?post=52518"},{"taxonomy":"product_cat","embeddable":true,"href":"https:\/\/murter-online.com\/it\/wp-json\/wp\/v2\/product_cat?post=52518"},{"taxonomy":"product_tag","embeddable":true,"href":"https:\/\/murter-online.com\/it\/wp-json\/wp\/v2\/product_tag?post=52518"}],"curies":[{"name":"wp","href":"https:\/\/api.w.org\/{rel}","templated":true}]}}