{"id":52522,"date":"2025-01-06T15:20:54","date_gmt":"2025-01-06T15:20:54","guid":{"rendered":"https:\/\/murter.riot.hr\/?post_type=product&#038;p=52522"},"modified":"2025-04-19T08:00:15","modified_gmt":"2025-04-19T07:00:15","slug":"appartamento-slanica-sea-view-a22-id-159","status":"publish","type":"product","link":"https:\/\/murter-online.com\/it\/prodotto\/appartamento-slanica-sea-view-a22-id-159\/","title":{"rendered":"Appartamento con la piscina spiaggia Slanica Murter A2+2 ID 159"},"content":{"rendered":"","protected":false},"excerpt":{"rendered":"<p>L&#8217;appartamento con una bellissima vista mare si trova in ottima posizione a soli 70 metri dal mare. L&#8217;appartamento ha una superficie di 40 m2. Ha una camera da letto dove possono dormire 2 adulti. Ha un soggiorno, che pu\u00f2 essere utilizzato per dormire &#8211; Ha un letto aggiuntivo per due persone. Dispone di un bagno con doccia. L&#8217;area del balcone \/ terrazzo \u00e8 di 5 m2. L&#8217;appartamento si trova al secondo piano della casa. L&#8217;appartamento \u00e8 dotato di TV, aria condizionata, connessione internet wifi gratuita. C&#8217;\u00e8 una piscina all&#8217;aperto che pu\u00f2 essere utilizzata gratuitamente. Il parcheggio \u00e8 previsto e incluso nel prezzo. Animali domestici su richiesta.<\/p>\n","protected":false},"featured_media":32695,"template":"","meta":{"_acf_changed":false},"product_brand":[],"product_cat":[160,132],"product_tag":[],"class_list":{"0":"post-52522","1":"product","2":"type-product","3":"status-publish","4":"has-post-thumbnail","6":"product_cat-appartamenti-con-vista-mare","7":"product_cat-appartamenti","9":"first","10":"instock","11":"sold-individually","12":"shipping-taxable","13":"purchasable","14":"product-type-phive_booking"},"acf":[],"_links":{"self":[{"href":"https:\/\/murter-online.com\/it\/wp-json\/wp\/v2\/product\/52522","targetHints":{"allow":["GET"]}}],"collection":[{"href":"https:\/\/murter-online.com\/it\/wp-json\/wp\/v2\/product"}],"about":[{"href":"https:\/\/murter-online.com\/it\/wp-json\/wp\/v2\/types\/product"}],"wp:featuredmedia":[{"embeddable":true,"href":"https:\/\/murter-online.com\/it\/wp-json\/wp\/v2\/media\/32695"}],"wp:attachment":[{"href":"https:\/\/murter-online.com\/it\/wp-json\/wp\/v2\/media?parent=52522"}],"wp:term":[{"taxonomy":"product_brand","embeddable":true,"href":"https:\/\/murter-online.com\/it\/wp-json\/wp\/v2\/product_brand?post=52522"},{"taxonomy":"product_cat","embeddable":true,"href":"https:\/\/murter-online.com\/it\/wp-json\/wp\/v2\/product_cat?post=52522"},{"taxonomy":"product_tag","embeddable":true,"href":"https:\/\/murter-online.com\/it\/wp-json\/wp\/v2\/product_tag?post=52522"}],"curies":[{"name":"wp","href":"https:\/\/api.w.org\/{rel}","templated":true}]}}