{"id":52526,"date":"2025-01-06T15:24:32","date_gmt":"2025-01-06T15:24:32","guid":{"rendered":"https:\/\/murter.riot.hr\/?post_type=product&#038;p=52526"},"modified":"2025-04-05T06:04:36","modified_gmt":"2025-04-05T05:04:36","slug":"appartamento-slanica-sea-view-point-a22-id-128","status":"publish","type":"product","link":"https:\/\/murter-online.com\/it\/prodotto\/appartamento-slanica-sea-view-point-a22-id-128\/","title":{"rendered":"Appartamento vista mare Slanica Murter A2+2 ID 128"},"content":{"rendered":"","protected":false},"excerpt":{"rendered":"<p>L&#8217;appartamento con una bellissima vista sul mare si trova in una posizione eccellente solo 250 metri dal mare. L&#8217;appartamento ha una superficie di 45 m2. ha una camera da letto dove possono dormire 2 adulti. Ha un soggiorno, che pu\u00f2 essere utilizzato per dormire &#8211; Ha un letto di ricambio per due persone. Ha un bagno con doccia. L&#8217;area della terrazza\/balcone \u00e8 12 m2. L&#8217;appartamento si trova al secondo piano della casa. L&#8217;appartamento \u00e8 dotato di tv, aria condizionata, forno, connessione internet wifi gratuita. Il parcheggio \u00e8 assicurato e incluso nel prezzo. L&#8217;appartamento \u00e8 di circa 750 m. \u00e8 lontano dal centro della citt\u00e0 ea 250m. dal mare o dalla prima spiaggia a Murter. Gli animali non sono ammessi.<\/p>\n","protected":false},"featured_media":32907,"template":"","meta":{"_acf_changed":false},"product_brand":[],"product_cat":[160,132],"product_tag":[],"class_list":{"0":"post-52526","1":"product","2":"type-product","3":"status-publish","4":"has-post-thumbnail","6":"product_cat-appartamenti-con-vista-mare","7":"product_cat-appartamenti","9":"first","10":"instock","11":"sold-individually","12":"shipping-taxable","13":"purchasable","14":"product-type-phive_booking"},"acf":[],"_links":{"self":[{"href":"https:\/\/murter-online.com\/it\/wp-json\/wp\/v2\/product\/52526","targetHints":{"allow":["GET"]}}],"collection":[{"href":"https:\/\/murter-online.com\/it\/wp-json\/wp\/v2\/product"}],"about":[{"href":"https:\/\/murter-online.com\/it\/wp-json\/wp\/v2\/types\/product"}],"wp:featuredmedia":[{"embeddable":true,"href":"https:\/\/murter-online.com\/it\/wp-json\/wp\/v2\/media\/32907"}],"wp:attachment":[{"href":"https:\/\/murter-online.com\/it\/wp-json\/wp\/v2\/media?parent=52526"}],"wp:term":[{"taxonomy":"product_brand","embeddable":true,"href":"https:\/\/murter-online.com\/it\/wp-json\/wp\/v2\/product_brand?post=52526"},{"taxonomy":"product_cat","embeddable":true,"href":"https:\/\/murter-online.com\/it\/wp-json\/wp\/v2\/product_cat?post=52526"},{"taxonomy":"product_tag","embeddable":true,"href":"https:\/\/murter-online.com\/it\/wp-json\/wp\/v2\/product_tag?post=52526"}],"curies":[{"name":"wp","href":"https:\/\/api.w.org\/{rel}","templated":true}]}}