{"id":52530,"date":"2025-01-06T16:19:19","date_gmt":"2025-01-06T16:19:19","guid":{"rendered":"https:\/\/murter.riot.hr\/?post_type=product&#038;p=52530"},"modified":"2025-04-05T05:57:29","modified_gmt":"2025-04-05T04:57:29","slug":"appartamento-slanica-tropical-a22-id-94","status":"publish","type":"product","link":"https:\/\/murter-online.com\/it\/prodotto\/appartamento-slanica-tropical-a22-id-94\/","title":{"rendered":"Appartamento vista mare Slanica Murter A2+2 ID 94"},"content":{"rendered":"","protected":false},"excerpt":{"rendered":"<p>L&#8217;appartamento con una bellissima vista mare si trova in un&#8217;ottima posizione a soli 100 metri dal mare. L&#8217;appartamento ha una superficie di 35 m2. Ha una camera da letto che pu\u00f2 ospitare 3 adulti. Ha un soggiorno, che pu\u00f2 essere utilizzato per dormire &#8211; Ha un letto supplementare per una persona. Dispone di un bagno con doccia. L&#8217;area del balcone \/ terrazzo \u00e8 di 8 m2. L&#8217;appartamento si trova al primo piano. L&#8217;appartamento \u00e8 dotato di TV, connessione internet wifi gratuita. Il parcheggio \u00e8 previsto e incluso nel prezzo. L&#8217;appartamento si trova a circa 900 m dal centro e 150 m dal mare o dalla prima spiaggia di Murter. Non sono ammessi animali.<\/p>\n","protected":false},"featured_media":32991,"template":"","meta":{"_acf_changed":false},"product_brand":[],"product_cat":[160,132],"product_tag":[],"class_list":{"0":"post-52530","1":"product","2":"type-product","3":"status-publish","4":"has-post-thumbnail","6":"product_cat-appartamenti-con-vista-mare","7":"product_cat-appartamenti","9":"first","10":"instock","11":"sold-individually","12":"shipping-taxable","13":"purchasable","14":"product-type-phive_booking"},"acf":[],"_links":{"self":[{"href":"https:\/\/murter-online.com\/it\/wp-json\/wp\/v2\/product\/52530","targetHints":{"allow":["GET"]}}],"collection":[{"href":"https:\/\/murter-online.com\/it\/wp-json\/wp\/v2\/product"}],"about":[{"href":"https:\/\/murter-online.com\/it\/wp-json\/wp\/v2\/types\/product"}],"wp:featuredmedia":[{"embeddable":true,"href":"https:\/\/murter-online.com\/it\/wp-json\/wp\/v2\/media\/32991"}],"wp:attachment":[{"href":"https:\/\/murter-online.com\/it\/wp-json\/wp\/v2\/media?parent=52530"}],"wp:term":[{"taxonomy":"product_brand","embeddable":true,"href":"https:\/\/murter-online.com\/it\/wp-json\/wp\/v2\/product_brand?post=52530"},{"taxonomy":"product_cat","embeddable":true,"href":"https:\/\/murter-online.com\/it\/wp-json\/wp\/v2\/product_cat?post=52530"},{"taxonomy":"product_tag","embeddable":true,"href":"https:\/\/murter-online.com\/it\/wp-json\/wp\/v2\/product_tag?post=52530"}],"curies":[{"name":"wp","href":"https:\/\/api.w.org\/{rel}","templated":true}]}}