{"id":52539,"date":"2025-01-06T16:41:00","date_gmt":"2025-01-06T16:41:00","guid":{"rendered":"https:\/\/murter.riot.hr\/?post_type=product&#038;p=52539"},"modified":"2025-04-04T11:28:15","modified_gmt":"2025-04-04T10:28:15","slug":"appartamento-slavica-jersane-seafront-a2-id-35","status":"publish","type":"product","link":"https:\/\/murter-online.com\/it\/prodotto\/appartamento-slavica-jersane-seafront-a2-id-35\/","title":{"rendered":"Appartamento in affitto con posto barca A2 ID 35"},"content":{"rendered":"","protected":false},"excerpt":{"rendered":"<p>Appartamento con una bellissima vista sul mare \u00e8 situato in una posizione eccellente a soli 30m. lontano dal mare. L&#8217;appartamento \u00e8 dotato di tv, aria condizionata. L&#8217;appartamento ha un bagno con doccia. C&#8217;\u00e8 un soggiorno che pu\u00f2 essere utilizzato per dormire. La zona giorno \u00e8 di 30 m2. e il balcone \/ terrazzo \u00e8 di 5 m2. Nell&#8217;appartamento possono dormire 2 persone sui letti principali e 1 persona su un divano letto nel soggiorno. L&#8217;appartamento si trova al secondo piano. Animali domestici &#8211; non ammessi. L&#8217;appartamento ha il suo parcheggio gratuito. L&#8217;appartamento ha il suo molo per la barca, che potrebbe essere a pagamento<\/p>\n","protected":false},"featured_media":33095,"template":"","meta":{"_acf_changed":false},"product_brand":[],"product_cat":[163,160,132],"product_tag":[],"class_list":{"0":"post-52539","1":"product","2":"type-product","3":"status-publish","4":"has-post-thumbnail","6":"product_cat-appartamenti-con-posto-barca","7":"product_cat-appartamenti-con-vista-mare","8":"product_cat-appartamenti","10":"first","11":"instock","12":"sold-individually","13":"shipping-taxable","14":"purchasable","15":"product-type-phive_booking"},"acf":[],"_links":{"self":[{"href":"https:\/\/murter-online.com\/it\/wp-json\/wp\/v2\/product\/52539","targetHints":{"allow":["GET"]}}],"collection":[{"href":"https:\/\/murter-online.com\/it\/wp-json\/wp\/v2\/product"}],"about":[{"href":"https:\/\/murter-online.com\/it\/wp-json\/wp\/v2\/types\/product"}],"wp:featuredmedia":[{"embeddable":true,"href":"https:\/\/murter-online.com\/it\/wp-json\/wp\/v2\/media\/33095"}],"wp:attachment":[{"href":"https:\/\/murter-online.com\/it\/wp-json\/wp\/v2\/media?parent=52539"}],"wp:term":[{"taxonomy":"product_brand","embeddable":true,"href":"https:\/\/murter-online.com\/it\/wp-json\/wp\/v2\/product_brand?post=52539"},{"taxonomy":"product_cat","embeddable":true,"href":"https:\/\/murter-online.com\/it\/wp-json\/wp\/v2\/product_cat?post=52539"},{"taxonomy":"product_tag","embeddable":true,"href":"https:\/\/murter-online.com\/it\/wp-json\/wp\/v2\/product_tag?post=52539"}],"curies":[{"name":"wp","href":"https:\/\/api.w.org\/{rel}","templated":true}]}}