{"id":52543,"date":"2025-01-06T17:06:15","date_gmt":"2025-01-06T17:06:15","guid":{"rendered":"https:\/\/murter.riot.hr\/?post_type=product&#038;p=52543"},"modified":"2025-04-19T07:34:22","modified_gmt":"2025-04-19T06:34:22","slug":"appartamento-slavica-jersane-seashell-a2-id-60","status":"publish","type":"product","link":"https:\/\/murter-online.com\/it\/prodotto\/appartamento-slavica-jersane-seashell-a2-id-60\/","title":{"rendered":"Appartamento con posto barca Slavica Murter A2 ID 60"},"content":{"rendered":"","protected":false},"excerpt":{"rendered":"<div align=\"center\">\n<div class=\"max_width\" align=\"left\">\n<div>\n<div>Appartamento Slavica Jersane Seashell A2 ID 60 si trova a pochi metri dalla spiaggia della citt\u00e0 Luka. Si trova in un quartiere tranquillo e pacifico. L&#8217;appartamento ha un ampio balcone dal quale si pu\u00f2 godere la vista del mare, delle barche e delle isole circostanti. L&#8217;appartamento \u00e8 dotato di aria condizionata, TV satellitare e connessione WiFi gratuita Lenzuola, asciugamani e pulizia finale sono inclusi nel prezzo.<\/div>\n<\/div>\n<\/div>\n<\/div>\n<div align=\"center\"><\/div>\n","protected":false},"featured_media":33167,"template":"","meta":{"_acf_changed":false},"product_brand":[],"product_cat":[163,160,132],"product_tag":[],"class_list":{"0":"post-52543","1":"product","2":"type-product","3":"status-publish","4":"has-post-thumbnail","6":"product_cat-appartamenti-con-posto-barca","7":"product_cat-appartamenti-con-vista-mare","8":"product_cat-appartamenti","10":"first","11":"instock","12":"sold-individually","13":"shipping-taxable","14":"purchasable","15":"product-type-phive_booking"},"acf":[],"_links":{"self":[{"href":"https:\/\/murter-online.com\/it\/wp-json\/wp\/v2\/product\/52543","targetHints":{"allow":["GET"]}}],"collection":[{"href":"https:\/\/murter-online.com\/it\/wp-json\/wp\/v2\/product"}],"about":[{"href":"https:\/\/murter-online.com\/it\/wp-json\/wp\/v2\/types\/product"}],"wp:featuredmedia":[{"embeddable":true,"href":"https:\/\/murter-online.com\/it\/wp-json\/wp\/v2\/media\/33167"}],"wp:attachment":[{"href":"https:\/\/murter-online.com\/it\/wp-json\/wp\/v2\/media?parent=52543"}],"wp:term":[{"taxonomy":"product_brand","embeddable":true,"href":"https:\/\/murter-online.com\/it\/wp-json\/wp\/v2\/product_brand?post=52543"},{"taxonomy":"product_cat","embeddable":true,"href":"https:\/\/murter-online.com\/it\/wp-json\/wp\/v2\/product_cat?post=52543"},{"taxonomy":"product_tag","embeddable":true,"href":"https:\/\/murter-online.com\/it\/wp-json\/wp\/v2\/product_tag?post=52543"}],"curies":[{"name":"wp","href":"https:\/\/api.w.org\/{rel}","templated":true}]}}