{"id":52547,"date":"2025-01-06T17:19:07","date_gmt":"2025-01-06T17:19:07","guid":{"rendered":"https:\/\/murter.riot.hr\/?post_type=product&#038;p=52547"},"modified":"2025-04-16T20:25:34","modified_gmt":"2025-04-16T19:25:34","slug":"appartamento-slavica-jersane-seaview-a22-id-34","status":"publish","type":"product","link":"https:\/\/murter-online.com\/it\/prodotto\/appartamento-slavica-jersane-seaview-a22-id-34\/","title":{"rendered":"Appartamento con posto barca Murter A2+2 ID 34"},"content":{"rendered":"","protected":false},"excerpt":{"rendered":"<p>L&#8217;appartamento si trova vicino alla spiaggia della citt\u00e0 di Luka -Si trova in una posizione tranquilla -L&#8217;appartamento \u00e8 dotato di lavatrice, aria condizionata e macchina per il caff\u00e8 -Lenzuola, asciugamani e pulizia finale sono inclusi nel prezzo.<\/p>\n","protected":false},"featured_media":33207,"template":"","meta":{"_acf_changed":false},"product_brand":[],"product_cat":[163,160,132],"product_tag":[],"class_list":{"0":"post-52547","1":"product","2":"type-product","3":"status-publish","4":"has-post-thumbnail","6":"product_cat-appartamenti-con-posto-barca","7":"product_cat-appartamenti-con-vista-mare","8":"product_cat-appartamenti","10":"first","11":"instock","12":"sold-individually","13":"shipping-taxable","14":"purchasable","15":"product-type-phive_booking"},"acf":[],"_links":{"self":[{"href":"https:\/\/murter-online.com\/it\/wp-json\/wp\/v2\/product\/52547","targetHints":{"allow":["GET"]}}],"collection":[{"href":"https:\/\/murter-online.com\/it\/wp-json\/wp\/v2\/product"}],"about":[{"href":"https:\/\/murter-online.com\/it\/wp-json\/wp\/v2\/types\/product"}],"wp:featuredmedia":[{"embeddable":true,"href":"https:\/\/murter-online.com\/it\/wp-json\/wp\/v2\/media\/33207"}],"wp:attachment":[{"href":"https:\/\/murter-online.com\/it\/wp-json\/wp\/v2\/media?parent=52547"}],"wp:term":[{"taxonomy":"product_brand","embeddable":true,"href":"https:\/\/murter-online.com\/it\/wp-json\/wp\/v2\/product_brand?post=52547"},{"taxonomy":"product_cat","embeddable":true,"href":"https:\/\/murter-online.com\/it\/wp-json\/wp\/v2\/product_cat?post=52547"},{"taxonomy":"product_tag","embeddable":true,"href":"https:\/\/murter-online.com\/it\/wp-json\/wp\/v2\/product_tag?post=52547"}],"curies":[{"name":"wp","href":"https:\/\/api.w.org\/{rel}","templated":true}]}}