{"id":52552,"date":"2025-01-06T17:28:37","date_gmt":"2025-01-06T17:28:37","guid":{"rendered":"https:\/\/murter.riot.hr\/?post_type=product&#038;p=52552"},"modified":"2025-04-04T09:41:12","modified_gmt":"2025-04-04T08:41:12","slug":"appartamento-vacanze-estive-a-murter-2-2-id-221","status":"publish","type":"product","link":"https:\/\/murter-online.com\/it\/prodotto\/appartamento-vacanze-estive-a-murter-2-2-id-221\/","title":{"rendered":"Appartamento in affitto vista mare Murter 2 + 2 ID 221"},"content":{"rendered":"","protected":false},"excerpt":{"rendered":"<p>Appartamento con vista panoramica sul mare a Murter. L&#8217;appartamento ha una camera da letto dove possono dormire due persone, c&#8217;\u00e8 un soggiorno con un divano letto che pu\u00f2 essere usato per dormire. La cucina \u00e8 completamente equipaggiata. Per gli ospiti degli appartamenti \u00e8 previsto un parcheggio gratuito nel cortile. C&#8217;\u00e8 una griglia all&#8217;aperto che pu\u00f2 essere utilizzata. L&#8217;appartamento \u00e8 in un&#8217;ottima posizione. La spiaggia cittadina Luca, la spiaggia sabbiosa Slanica e il centro del paese sono raggiungibili a piedi.Il listino prezzi \u00e8 valido per 2 persone.<\/p>\n","protected":false},"featured_media":33379,"template":"","meta":{"_acf_changed":false},"product_brand":[],"product_cat":[160,132],"product_tag":[],"class_list":{"0":"post-52552","1":"product","2":"type-product","3":"status-publish","4":"has-post-thumbnail","6":"product_cat-appartamenti-con-vista-mare","7":"product_cat-appartamenti","9":"first","10":"instock","11":"sold-individually","12":"shipping-taxable","13":"purchasable","14":"product-type-phive_booking"},"acf":[],"_links":{"self":[{"href":"https:\/\/murter-online.com\/it\/wp-json\/wp\/v2\/product\/52552","targetHints":{"allow":["GET"]}}],"collection":[{"href":"https:\/\/murter-online.com\/it\/wp-json\/wp\/v2\/product"}],"about":[{"href":"https:\/\/murter-online.com\/it\/wp-json\/wp\/v2\/types\/product"}],"wp:featuredmedia":[{"embeddable":true,"href":"https:\/\/murter-online.com\/it\/wp-json\/wp\/v2\/media\/33379"}],"wp:attachment":[{"href":"https:\/\/murter-online.com\/it\/wp-json\/wp\/v2\/media?parent=52552"}],"wp:term":[{"taxonomy":"product_brand","embeddable":true,"href":"https:\/\/murter-online.com\/it\/wp-json\/wp\/v2\/product_brand?post=52552"},{"taxonomy":"product_cat","embeddable":true,"href":"https:\/\/murter-online.com\/it\/wp-json\/wp\/v2\/product_cat?post=52552"},{"taxonomy":"product_tag","embeddable":true,"href":"https:\/\/murter-online.com\/it\/wp-json\/wp\/v2\/product_tag?post=52552"}],"curies":[{"name":"wp","href":"https:\/\/api.w.org\/{rel}","templated":true}]}}